{"id":3251,"date":"2023-10-23T13:09:08","date_gmt":"2023-10-23T13:09:08","guid":{"rendered":"https:\/\/powerup.klixpert.io\/nachrichten\/"},"modified":"2023-11-13T13:33:00","modified_gmt":"2023-11-13T13:33:00","slug":"nachrichten","status":"publish","type":"page","link":"https:\/\/www.powerup.at\/de\/nachrichten\/","title":{"rendered":"News"},"content":{"rendered":"\n<div class=\"wp-block-columns is-layout-flex wp-container-core-columns-is-layout-28f84493 wp-block-columns-is-layout-flex\">\n<div class=\"wp-block-column is-layout-flow wp-block-column-is-layout-flow\">\n<h2 class=\"hx wp-block-heading\">News<\/h2>\n\n\n\n<p>Willkommen im News Room von PowerUP, hier finden Sie die aktuellsten Neuigkeiten von uns und aus der Gasmotorenbranche. Bleiben Sie informiert mit PowerUP.<\/p>\n\n\n\r\n<div class=\"klx_blog-posts\">\r\n\r\n            <div class=\"blog-posts\">\r\n                            \r\n    <div class=\"blog-post\">\r\n        <a class=\"overlay\" href=\"https:\/\/www.powerup.at\/de\/wissen\/biogasanlage\/nebenprodukte-von-biogasanlagen-und-ihre-verwendung\/\" title=\"mehr lesen\"><\/a>\r\n\r\n        \r\n        <h3 class=\"hx title\"><a href=\"https:\/\/www.powerup.at\/de\/wissen\/biogasanlage\/nebenprodukte-von-biogasanlagen-und-ihre-verwendung\/\" title=\"mehr lesen\">Nebenprodukte von Biogasanlagen und ihre Verwendung<\/a><\/h3>\r\n\r\n        <div class=\"meta\">\r\n                        <div class=\"bottom\">\r\n                <div class=\"last-modified\">3. Dez. 2025<\/div>\r\n                <div class=\"dot\"><\/div>\r\n                                <div class=\"reading-time\">\r\n                    <span class=\"span-reading-time rt-reading-time\"><span class=\"rt-label rt-prefix\"><\/span> <span class=\"rt-time\"> 4<\/span> <span class=\"rt-label rt-postfix\"><\/span><\/span> min read                <\/div>\r\n            <\/div>\r\n        <\/div>\r\n\r\n        <div class=\"image\">\r\n            <figure class=\"image_container\"><picture><source srcset=\"https:\/\/www.powerup.at\/app\/uploads\/2025\/12\/biogasanlage-nebenprodukte-powerup.webp\" media=\"(max-width: 449.98px)\"\/><img decoding=\"async\" loading=\"lazy\" src=\"https:\/\/www.powerup.at\/app\/uploads\/2025\/12\/biogasanlage-nebenprodukte-powerup.webp\" width=\"228\" height=\"181\" alt=\"\" \/><\/picture><\/figure>        <\/div>\r\n\r\n        <div class=\"excerpt\">\r\n            <div class=\"text\">\r\n                Eine Biogasanlage ist selten nur eine Anlage zur Energieerzeugung. F\u00fcr viele erfolgreiche Betreiber liegt der wahre Wert in der Kreislaufwirtschaft, die sie schafft. Der Prozess der anaeroben Verg\u00e4rung produziert nicht nur <a href=\"https:\/\/www.powerup.at\/de\/wissen\/biogas\/biogas\/\" title=\"Biogas \u2013 Produktion, Potenzial und Perspektiven f\u00fcr eine nachhaltige Energiezukunft\">Biogas<\/a>, sondern schafft auch mehrere wertvolle Biogasanlagen Nebenprodukte. Dieser Artikel bietet einen umfassenden Leitfaden zu den Nebenprodukten von Biogasanlagen und ihren Anwendungen. Wir untersuchen [&hellip;]            <\/div>\r\n        <\/div>\r\n    <\/div>\r\n                            \r\n    <div class=\"blog-post\">\r\n        <a class=\"overlay\" href=\"https:\/\/www.powerup.at\/de\/wissen\/biogasanlage\/die-geschichte-und-entwicklung-von-biogasanlagen\/\" title=\"mehr lesen\"><\/a>\r\n\r\n        \r\n        <h3 class=\"hx title\"><a href=\"https:\/\/www.powerup.at\/de\/wissen\/biogasanlage\/die-geschichte-und-entwicklung-von-biogasanlagen\/\" title=\"mehr lesen\">Die Geschichte und Entwicklung von Biogasanlagen<\/a><\/h3>\r\n\r\n        <div class=\"meta\">\r\n                        <div class=\"bottom\">\r\n                <div class=\"last-modified\">12. Dez. 2025<\/div>\r\n                <div class=\"dot\"><\/div>\r\n                                <div class=\"reading-time\">\r\n                    <span class=\"span-reading-time rt-reading-time\"><span class=\"rt-label rt-prefix\"><\/span> <span class=\"rt-time\"> 4<\/span> <span class=\"rt-label rt-postfix\"><\/span><\/span> min read                <\/div>\r\n            <\/div>\r\n        <\/div>\r\n\r\n        <div class=\"image\">\r\n            <figure class=\"image_container\"><picture><source srcset=\"https:\/\/www.powerup.at\/app\/uploads\/2025\/12\/Geschichte-der-biogasanlage-powerup.webp\" media=\"(max-width: 449.98px)\"\/><img decoding=\"async\" loading=\"lazy\" src=\"https:\/\/www.powerup.at\/app\/uploads\/2025\/12\/Geschichte-der-biogasanlage-powerup.webp\" width=\"399\" height=\"240\" alt=\"\" \/><\/picture><\/figure>        <\/div>\r\n\r\n        <div class=\"excerpt\">\r\n            <div class=\"text\">\r\n                Entdecken Sie die faszinierende Geschichte von Biogasanlagen. Von der Entdeckung des Methans im 18. Jahrhundert bis zu den modernen, hocheffizienten BHKW von heute.            <\/div>\r\n        <\/div>\r\n    <\/div>\r\n                            \r\n    <div class=\"blog-post\">\r\n        <a class=\"overlay\" href=\"https:\/\/www.powerup.at\/de\/wissen\/biogasanlage\/wie-funktioniert-eine-biogasanlage-der-biologische-prozess-im-detail\/\" title=\"mehr lesen\"><\/a>\r\n\r\n        \r\n        <h3 class=\"hx title\"><a href=\"https:\/\/www.powerup.at\/de\/wissen\/biogasanlage\/wie-funktioniert-eine-biogasanlage-der-biologische-prozess-im-detail\/\" title=\"mehr lesen\">Wie funktioniert eine Biogasanlage? Der biologische Prozess im Detail<\/a><\/h3>\r\n\r\n        <div class=\"meta\">\r\n                        <div class=\"bottom\">\r\n                <div class=\"last-modified\">22. Dez. 2025<\/div>\r\n                <div class=\"dot\"><\/div>\r\n                                <div class=\"reading-time\">\r\n                    <span class=\"span-reading-time rt-reading-time\"><span class=\"rt-label rt-prefix\"><\/span> <span class=\"rt-time\"> 4<\/span> <span class=\"rt-label rt-postfix\"><\/span><\/span> min read                <\/div>\r\n            <\/div>\r\n        <\/div>\r\n\r\n        <div class=\"image\">\r\n            <figure class=\"image_container\"><picture><source srcset=\"https:\/\/www.powerup.at\/app\/uploads\/2025\/12\/wie-funktioniert-biogasanlage-441x323.webp\" media=\"(max-width: 449.98px)\"\/><img decoding=\"async\" loading=\"lazy\" src=\"https:\/\/www.powerup.at\/app\/uploads\/2025\/12\/wie-funktioniert-biogasanlage-700x444.webp\" width=\"700\" height=\"444\" alt=\"\" \/><\/picture><\/figure>        <\/div>\r\n\r\n        <div class=\"excerpt\">\r\n            <div class=\"text\">\r\n                Wie funktioniert eine Biogasanlage biologisch? Wir erkl\u00e4ren die 4 Phasen der anaeroben Verg\u00e4rung (Hydrolyse, Acidogenese, Methanogenese, Acetogenese) im Fermenter im Detail.            <\/div>\r\n        <\/div>\r\n    <\/div>\r\n                            \r\n    <div class=\"blog-post\">\r\n        <a class=\"overlay\" href=\"https:\/\/www.powerup.at\/de\/wissen\/biogasanlage\/biogasanlagen\/\" title=\"mehr lesen\"><\/a>\r\n\r\n        \r\n        <h3 class=\"hx title\"><a href=\"https:\/\/www.powerup.at\/de\/wissen\/biogasanlage\/biogasanlagen\/\" title=\"mehr lesen\">Biogasanlagen: Ein umfassender Leitfaden zur Biogaserzeugung<\/a><\/h3>\r\n\r\n        <div class=\"meta\">\r\n                        <div class=\"bottom\">\r\n                <div class=\"last-modified\">24. Okt. 2025<\/div>\r\n                <div class=\"dot\"><\/div>\r\n                                <div class=\"reading-time\">\r\n                    <span class=\"span-reading-time rt-reading-time\"><span class=\"rt-label rt-prefix\"><\/span> <span class=\"rt-time\"> 6<\/span> <span class=\"rt-label rt-postfix\"><\/span><\/span> min read                <\/div>\r\n            <\/div>\r\n        <\/div>\r\n\r\n        <div class=\"image\">\r\n            <figure class=\"image_container\"><picture><source srcset=\"https:\/\/www.powerup.at\/app\/uploads\/2023\/11\/biogasanlagen-441x323.webp\" media=\"(max-width: 449.98px)\"\/><img decoding=\"async\" loading=\"lazy\" src=\"https:\/\/www.powerup.at\/app\/uploads\/2023\/11\/biogasanlagen-700x444.webp\" width=\"700\" height=\"444\" alt=\"Biogasanlagen: Ein umfassender Leitfaden\" \/><\/picture><\/figure>        <\/div>\r\n\r\n        <div class=\"excerpt\">\r\n            <div class=\"text\">\r\n                Wie funktioniert eine Biogasanlage? Unser Leitfaden erkl\u00e4rt die anaerobe Verg\u00e4rung im Fermenter, die Biogaserzeugung aus G\u00fclle &#038; Bioabf\u00e4llen und die Rolle des EEG.            <\/div>\r\n        <\/div>\r\n    <\/div>\r\n                            \r\n    <div class=\"blog-post\">\r\n        <a class=\"overlay\" href=\"https:\/\/www.powerup.at\/de\/wissen\/biogasanlage\/funktionsweise-biogasanlage\/\" title=\"mehr lesen\"><\/a>\r\n\r\n        \r\n        <h3 class=\"hx title\"><a href=\"https:\/\/www.powerup.at\/de\/wissen\/biogasanlage\/funktionsweise-biogasanlage\/\" title=\"mehr lesen\">Die Funktionsweise einer Biogasanlage<\/a><\/h3>\r\n\r\n        <div class=\"meta\">\r\n                        <div class=\"bottom\">\r\n                <div class=\"last-modified\">9. Dez. 2025<\/div>\r\n                <div class=\"dot\"><\/div>\r\n                                <div class=\"reading-time\">\r\n                    <span class=\"span-reading-time rt-reading-time\"><span class=\"rt-label rt-prefix\"><\/span> <span class=\"rt-time\"> 4<\/span> <span class=\"rt-label rt-postfix\"><\/span><\/span> min read                <\/div>\r\n            <\/div>\r\n        <\/div>\r\n\r\n        <div class=\"image\">\r\n            <figure class=\"image_container\"><picture><source srcset=\"https:\/\/www.powerup.at\/app\/uploads\/2023\/11\/biogasanlage-funktionsweise-441x323.webp\" media=\"(max-width: 449.98px)\"\/><img decoding=\"async\" loading=\"lazy\" src=\"https:\/\/www.powerup.at\/app\/uploads\/2023\/11\/biogasanlage-funktionsweise-700x444.webp\" width=\"700\" height=\"444\" alt=\"Die Funktionsweise einer Biogasanlage\" \/><\/picture><\/figure>        <\/div>\r\n\r\n        <div class=\"excerpt\">\r\n            <div class=\"text\">\r\n                Wie funktioniert eine Biogasanlage? Von der Anlieferung der G\u00fclle bis zur Biogasproduktion im Fermenter und der Stromerzeugung im BHKW \u2013 ein detaillierter Blick auf die Funktionsweise.            <\/div>\r\n        <\/div>\r\n    <\/div>\r\n                    <\/div>\r\n    \r\n    \r\n<\/div><\/div>\n<\/div>\n\n\n\r\n<div class=\"klx_decor-contact\">\r\n\r\n        <div class=\"decor\" id=\"kontakt\">\r\n        <svg width=\"16\" height=\"35\" viewBox=\"0 0 16 35\" fill=\"none\" xmlns=\"http:\/\/www.w3.org\/2000\/svg\">\r\n    <path d=\"M8 14.5882L16 10.3529L16 0L4.6375e-06 9.41176L6.85907e-06 34.8235L8 29.6471L8 14.5882Z\" fill=\"currentColor\"><\/path>\r\n<\/svg>\r\n        Kontakt    <\/div>\r\n    \r\n    <div class=\"content\">\r\n                                <h2 class=\"headline\">Kontaktieren Sie uns<\/h2>\r\n        \r\n                    <p>Bitte f\u00fcllen Sie das Formular aus, um Kontakt mit dem Expertenteam von PowerUP aufzunehmen.<br \/>\nWir freuen uns auch darauf, Ihre Fragen telefonisch oder per E-Mail zu beantworten.<\/p>\n        \r\n                    <div class=\"wp-block-buttons\">\r\n                <div class=\"wp-block-button\"><a class=\"wp-block-button__link\" href=\"#\" title=\"Book an appointment\">Book an appointment<svg width=\"24\" height=\"24\" viewBox=\"0 0 24 24\" fill=\"none\" xmlns=\"http:\/\/www.w3.org\/2000\/svg\">\r\n    <path d=\"M8.77473 7.22528L16.7595 7.38824L16.9225 15.373\" stroke=\"currentColor\"><\/path>\r\n    <path d=\"M17.0243 7.22529L7.12478 17.1248\" stroke=\"currentColor\"><\/path>\r\n<\/svg>\r\n<\/a><\/div>            <\/div>\r\n        \r\n                    <p><strong>PowerUP GmbH<\/strong><br \/>\nSportplatzweg 2<br \/>\n6135 Stans, Tirol<br \/>\nAustria<\/p>\n<p>Phone: <a href=\"tel:+43524264666\">+43 5242 64 666<\/a><br \/>\nE-Mail: <a href=\"mailto:office@powerup.at\">office@powerup.at<\/a><\/p>\n            <\/div>\r\n\r\n    <div class=\"form\">\r\n                    <div class=\"wpforms-container wpforms-render-modern\" id=\"wpforms-212\"><form id=\"wpforms-form-212\" class=\"wpforms-validate wpforms-form wpforms-ajax-form\" data-formid=\"212\" method=\"post\" enctype=\"multipart\/form-data\" action=\"\/de\/wp-json\/wp\/v2\/pages\/3251\" data-token=\"859f180a0be5bbeb9e529df1a1470567\" data-token-time=\"1777718722\"><noscript class=\"wpforms-error-noscript\">Bitte aktiviere JavaScript in deinem Browser, um dieses Formular fertigzustellen.<\/noscript><div id=\"wpforms-error-noscript\" style=\"display: none;\">Bitte aktiviere JavaScript in deinem Browser, um dieses Formular fertigzustellen.<\/div><div class=\"wpforms-field-container\"><div id=\"wpforms-212-field_1-container\" class=\"wpforms-field wpforms-field-text\" data-field-id=\"1\"><label class=\"wpforms-field-label wpforms-label-hide\" for=\"wpforms-212-field_1\" aria-hidden=\"false\">Vorname u. Nachname <span class=\"wpforms-required-label\" aria-hidden=\"true\">*<\/span><\/label><input type=\"text\" id=\"wpforms-212-field_1\" class=\"wpforms-field-medium wpforms-field-required\" name=\"wpforms[fields][1]\" placeholder=\"Name*\" aria-errormessage=\"wpforms-212-field_1-error\" required\/><\/div><div id=\"wpforms-212-field_8-container\" class=\"wpforms-field wpforms-field-email\" data-field-id=\"8\"><label class=\"wpforms-field-label wpforms-label-hide\" for=\"wpforms-212-field_8\" aria-hidden=\"false\">E-Mail Adresse <span class=\"wpforms-required-label\" aria-hidden=\"true\">*<\/span><\/label><input type=\"email\" id=\"wpforms-212-field_8\" class=\"wpforms-field-medium wpforms-field-required\" name=\"wpforms[fields][8]\" placeholder=\"E-Mail Adresse*\" spellcheck=\"false\" aria-errormessage=\"wpforms-212-field_8-error\" required\/><\/div><div id=\"wpforms-212-field_2-container\" class=\"wpforms-field wpforms-field-text\" data-field-id=\"2\"><label class=\"wpforms-field-label wpforms-label-hide\" for=\"wpforms-212-field_2\" aria-hidden=\"false\">Unternehmen <span class=\"wpforms-required-label\" aria-hidden=\"true\">*<\/span><\/label><input type=\"text\" id=\"wpforms-212-field_2\" class=\"wpforms-field-medium wpforms-field-required\" name=\"wpforms[fields][2]\" placeholder=\"Organisation \/ Firma*\" aria-errormessage=\"wpforms-212-field_2-error\" required\/><\/div><div id=\"wpforms-212-field_6-container\" class=\"wpforms-field wpforms-field-textarea\" data-field-id=\"6\"><label class=\"wpforms-field-label wpforms-label-hide\" for=\"wpforms-212-field_6\" aria-hidden=\"false\">Weitere Einzelheiten<\/label><textarea id=\"wpforms-212-field_6\" class=\"wpforms-field-medium\" name=\"wpforms[fields][6]\" placeholder=\"Ihre Nachricht\" aria-errormessage=\"wpforms-212-field_6-error\"><\/textarea><\/div>\t\t<div id=\"wpforms-212-field_3-container\"\n\t\t\tclass=\"wpforms-field wpforms-field-text\"\n\t\t\tdata-field-type=\"text\"\n\t\t\tdata-field-id=\"3\">\n\t\t\t<label class=\"wpforms-field-label\" for=\"wpforms-212-field_3\">Vorname Adresse Nachname<\/label>\n\t\t\t<input type=\"text\" id=\"wpforms-212-field_3\" class=\"wpforms-field-medium\" name=\"wpforms[fields][3]\"\/>\n\t\t<\/div>\n\t\t<div id=\"wpforms-212-field_7-container\" class=\"wpforms-field wpforms-field-checkbox\" data-field-id=\"7\"><fieldset><legend class=\"wpforms-field-label wpforms-label-hide\" aria-hidden=\"false\">Datenschutz <span class=\"wpforms-required-label\" aria-hidden=\"true\">*<\/span><\/legend><ul id=\"wpforms-212-field_7\" class=\"wpforms-field-required\"><li class=\"choice-1 depth-1\"><input type=\"checkbox\" id=\"wpforms-212-field_7_1\" name=\"wpforms[fields][7][]\" value=\"Ich stimme dem Datenschutz der PowerUP GmbH zu.\" aria-errormessage=\"wpforms-212-field_7_1-error\" required\/><label class=\"wpforms-field-label-inline\" for=\"wpforms-212-field_7_1\">Ich stimme dem Datenschutz der PowerUP GmbH zu.<\/label><\/li><\/ul><\/fieldset><\/div><script>\n\t\t\t\t( function() {\n\t\t\t\t\tconst style = document.createElement( 'style' );\n\t\t\t\t\tstyle.appendChild( document.createTextNode( '#wpforms-212-field_3-container { position: absolute !important; overflow: hidden !important; display: inline !important; height: 1px !important; width: 1px !important; z-index: -1000 !important; padding: 0 !important; } #wpforms-212-field_3-container input { visibility: hidden; } #wpforms-conversational-form-page #wpforms-212-field_3-container label { counter-increment: none; }' ) );\n\t\t\t\t\tdocument.head.appendChild( style );\n\t\t\t\t\tdocument.currentScript?.remove();\n\t\t\t\t} )();\n\t\t\t<\/script><\/div><!-- .wpforms-field-container --><div class=\"wpforms-recaptcha-container wpforms-is-recaptcha wpforms-is-recaptcha-type-v3\"><input type=\"hidden\" name=\"wpforms[recaptcha]\" value=\"\"\/><\/div><div class=\"wpforms-submit-container\"><input type=\"hidden\" name=\"wpforms[id]\" value=\"212\"\/><input type=\"hidden\" name=\"page_title\" value=\"\"\/><input type=\"hidden\" name=\"page_url\" value=\"https:\/\/www.powerup.at\/de\/wp-json\/wp\/v2\/pages\/3251\"\/><input type=\"hidden\" name=\"url_referer\" value=\"\"\/><button type=\"submit\" name=\"wpforms[submit]\" id=\"wpforms-submit-212\" class=\"wpforms-submit\" data-alt-text=\"Wird gesendet ...\" data-submit-text=\"Anfrage senden\" aria-live=\"assertive\" value=\"wpforms-submit\">Anfrage senden<\/button><img decoding=\"async\" src=\"https:\/\/www.powerup.at\/app\/plugins\/wpforms\/assets\/images\/submit-spin.svg\" class=\"wpforms-submit-spinner\" style=\"display: none;\" width=\"26\" height=\"26\" alt=\"Wird geladen\"\/><div data-id=\"wpforms-212\" style=\"display:none\"><svg width=\"24\" height=\"24\" viewBox=\"0 0 24 24\" fill=\"none\" xmlns=\"http:\/\/www.w3.org\/2000\/svg\">\r\n    <path d=\"M8.77473 7.22528L16.7595 7.38824L16.9225 15.373\" stroke=\"currentColor\"><\/path>\r\n    <path d=\"M17.0243 7.22529L7.12478 17.1248\" stroke=\"currentColor\"><\/path>\r\n<\/svg>\r\n<\/div>\n    <script>\n        var form = document.getElementById(\"wpforms-212\");\n        var submitButton = form.querySelector(\"button[type='submit']\");\n        if (submitButton) {\n            var svg = submitButton.parentElement.querySelector(\"svg\");\n            if (svg) {                \n                submitButton.appendChild(svg);\n                svg.style.display = \"block\";\n            }\n        }\n    <\/script>\n    <\/div><\/form><\/div>  <!-- .wpforms-container -->            <\/div>\r\n\r\n<\/div>\n\n\n\n","protected":false},"excerpt":{"rendered":"<p>News Willkommen im News Room von PowerUP, hier finden Sie die aktuellsten Neuigkeiten von uns und aus der Gasmotorenbranche. Bleiben Sie informiert mit PowerUP.<\/p>\n","protected":false},"author":1,"featured_media":0,"parent":0,"menu_order":216,"comment_status":"closed","ping_status":"closed","template":"","meta":{"_acf_changed":false,"footnotes":""},"class_list":["post-3251","page","type-page","status-publish","hentry"],"acf":[],"_links":{"self":[{"href":"https:\/\/www.powerup.at\/de\/wp-json\/wp\/v2\/pages\/3251","targetHints":{"allow":["GET"]}}],"collection":[{"href":"https:\/\/www.powerup.at\/de\/wp-json\/wp\/v2\/pages"}],"about":[{"href":"https:\/\/www.powerup.at\/de\/wp-json\/wp\/v2\/types\/page"}],"author":[{"embeddable":true,"href":"https:\/\/www.powerup.at\/de\/wp-json\/wp\/v2\/users\/1"}],"replies":[{"embeddable":true,"href":"https:\/\/www.powerup.at\/de\/wp-json\/wp\/v2\/comments?post=3251"}],"version-history":[{"count":0,"href":"https:\/\/www.powerup.at\/de\/wp-json\/wp\/v2\/pages\/3251\/revisions"}],"wp:attachment":[{"href":"https:\/\/www.powerup.at\/de\/wp-json\/wp\/v2\/media?parent=3251"}],"curies":[{"name":"wp","href":"https:\/\/api.w.org\/{rel}","templated":true}]}}