{"id":57496,"date":"2024-07-22T08:34:21","date_gmt":"2024-07-22T08:34:21","guid":{"rendered":"https:\/\/www.powerup.at\/?page_id=57496"},"modified":"2026-03-02T14:00:10","modified_gmt":"2026-03-02T14:00:10","slug":"anmeldung-zum-newsletter","status":"publish","type":"page","link":"https:\/\/www.powerup.at\/de\/anmeldung-zum-newsletter\/","title":{"rendered":"Newsletter"},"content":{"rendered":"\n<div class=\"wp-block-columns has-image is-layout-flex wp-container-core-columns-is-layout-28f84493 wp-block-columns-is-layout-flex\">\n<div class=\"wp-block-column is-layout-flow wp-block-column-is-layout-flow\">\n<h2 class=\"hx wp-block-heading\">Melden Sie sich f\u00fcr den PowerUP-Newsletter an<\/h2>\n\n\n\n<p>Verpassen Sie nicht die neuesten Entwicklungen, exklusiven Angebote und Brancheninformationen. Melden Sie sich noch heute f\u00fcr den PowerUP-Newsletter an und erfahren Sie als Erster alles \u00fcber die Welt der <a href=\"https:\/\/www.powerup.at\/de\/wissen\/gasmotoren\/gasmotoren\/\" title=\"Gasmotoren: Einblicke in Technologie, Wirkungsgrade &amp; Stromerzeugung\">Gasmotoren<\/a> und Energiel\u00f6sungen.<\/p>\n\n\n<div class=\"wpforms-container wpforms-block wpforms-block-460c6120-1c1c-4385-947e-49af39966264 wpforms-render-modern\" id=\"wpforms-57498\"><form id=\"wpforms-form-57498\" class=\"wpforms-validate wpforms-form wpforms-ajax-form\" data-formid=\"57498\" method=\"post\" enctype=\"multipart\/form-data\" action=\"\/de\/wp-json\/wp\/v2\/pages\/57496\" data-token=\"e9cff695d4e3106650c5c971bf5966ee\" data-token-time=\"1776687077\"><noscript class=\"wpforms-error-noscript\">Bitte aktiviere JavaScript in deinem Browser, um dieses Formular fertigzustellen.<\/noscript><div id=\"wpforms-error-noscript\" style=\"display: none;\">Bitte aktiviere JavaScript in deinem Browser, um dieses Formular fertigzustellen.<\/div><div class=\"wpforms-field-container\"><div id=\"wpforms-57498-field_1-container\" class=\"wpforms-field wpforms-field-email\" data-field-id=\"1\"><label class=\"wpforms-field-label wpforms-label-hide\" for=\"wpforms-57498-field_1\" aria-hidden=\"false\">Email <span class=\"wpforms-required-label\" aria-hidden=\"true\">*<\/span><\/label><input type=\"email\" id=\"wpforms-57498-field_1\" class=\"wpforms-field-medium wpforms-field-required\" name=\"wpforms[fields][1]\" placeholder=\"E-Mail\" spellcheck=\"false\" aria-errormessage=\"wpforms-57498-field_1-error\" required\/><\/div><div id=\"wpforms-57498-field_6-container\" class=\"wpforms-field wpforms-field-text\" data-field-id=\"6\"><label class=\"wpforms-field-label wpforms-label-hide\" for=\"wpforms-57498-field_6\" aria-hidden=\"false\">Vorname<\/label><input type=\"text\" id=\"wpforms-57498-field_6\" class=\"wpforms-field-medium\" name=\"wpforms[fields][6]\" placeholder=\"Vorname\" aria-errormessage=\"wpforms-57498-field_6-error\"\/><\/div><div id=\"wpforms-57498-field_7-container\" class=\"wpforms-field wpforms-field-text\" data-field-id=\"7\"><label class=\"wpforms-field-label wpforms-label-hide\" for=\"wpforms-57498-field_7\" aria-hidden=\"false\">Nachname<\/label><input type=\"text\" id=\"wpforms-57498-field_7\" class=\"wpforms-field-medium\" name=\"wpforms[fields][7]\" placeholder=\"Nachname\" aria-errormessage=\"wpforms-57498-field_7-error\"\/><\/div><div id=\"wpforms-57498-field_5-container\" class=\"wpforms-field wpforms-field-checkbox\" data-field-id=\"5\"><fieldset><legend class=\"wpforms-field-label wpforms-label-hide\" aria-hidden=\"false\">Checkboxes <span class=\"wpforms-required-label\" aria-hidden=\"true\">*<\/span><\/legend><ul id=\"wpforms-57498-field_5\" class=\"wpforms-field-required\"><li class=\"choice-1 depth-1\"><input type=\"checkbox\" id=\"wpforms-57498-field_5_1\" name=\"wpforms[fields][5][]\" value=\"Ich habe die Datenschutzerkl\u00e4rung gelesen und verstanden und stimme der Verwendung meiner Daten f\u00fcr Marketingzwecke (Newsletter, Werbeaktionen usw.) durch PowerUP zu.\" aria-errormessage=\"wpforms-57498-field_5_1-error\" required\/><label class=\"wpforms-field-label-inline\" for=\"wpforms-57498-field_5_1\">Ich habe die Datenschutzerkl\u00e4rung gelesen und verstanden und stimme der Verwendung meiner Daten f\u00fcr Marketingzwecke (Newsletter, Werbeaktionen usw.) durch PowerUP zu.<\/label><\/li><\/ul><\/fieldset><\/div><\/div><!-- .wpforms-field-container --><div class=\"wpforms-submit-container\"><input type=\"hidden\" name=\"wpforms[id]\" value=\"57498\"\/><input type=\"hidden\" name=\"page_title\" value=\"\"\/><input type=\"hidden\" name=\"page_url\" value=\"https:\/\/www.powerup.at\/de\/wp-json\/wp\/v2\/pages\/57496\"\/><input type=\"hidden\" name=\"url_referer\" value=\"\"\/><button type=\"submit\" name=\"wpforms[submit]\" id=\"wpforms-submit-57498\" class=\"wpforms-submit\" data-alt-text=\"Senden ...\" data-submit-text=\"Jetzt anmelden\" aria-live=\"assertive\" value=\"wpforms-submit\">Jetzt anmelden<\/button><img decoding=\"async\" src=\"https:\/\/www.powerup.at\/app\/plugins\/wpforms\/assets\/images\/submit-spin.svg\" class=\"wpforms-submit-spinner\" style=\"display: none;\" width=\"26\" height=\"26\" alt=\"Wird geladen\"\/><div data-id=\"wpforms-57498\" style=\"display:none\"><svg width=\"24\" height=\"24\" viewBox=\"0 0 24 24\" fill=\"none\" xmlns=\"http:\/\/www.w3.org\/2000\/svg\">\r\n    <path d=\"M8.77473 7.22528L16.7595 7.38824L16.9225 15.373\" stroke=\"currentColor\"><\/path>\r\n    <path d=\"M17.0243 7.22529L7.12478 17.1248\" stroke=\"currentColor\"><\/path>\r\n<\/svg>\r\n<\/div>\n    <script>\n        var form = document.getElementById(\"wpforms-57498\");\n        var submitButton = form.querySelector(\"button[type='submit']\");\n        if (submitButton) {\n            var svg = submitButton.parentElement.querySelector(\"svg\");\n            if (svg) {                \n                submitButton.appendChild(svg);\n                svg.style.display = \"block\";\n            }\n        }\n    <\/script>\n    <\/div><\/form><\/div>  <!-- .wpforms-container --><\/div>\n\n\n\n<div class=\"wp-block-column has-image is-layout-flow wp-block-column-is-layout-flow\"><div class=\"wp-block-image\"><figure class=\"image_container\"><a href=\"https:\/\/www.powerup.at\/app\/uploads\/2024\/07\/powerup-newsletter-1024x682.webp\" data-lightbox data-pswp-width=\"1024\" data-pswp-height=\"682\" data-cropped=\"true\"><img decoding=\"async\" loading=\"lazy\" src=\"https:\/\/www.powerup.at\/app\/uploads\/2024\/07\/powerup-newsletter-1024x682.webp\" width=\"1024\" height=\"682\" alt=\"PowerUP Newsletter\" \/><\/a><\/figure><\/div><\/div>\n<\/div>\n","protected":false},"excerpt":{"rendered":"<p>Melden Sie sich f\u00fcr den PowerUP-Newsletter an Verpassen Sie nicht die neuesten Entwicklungen, exklusiven Angebote und Brancheninformationen. Melden Sie sich noch heute f\u00fcr den PowerUP-Newsletter an und erfahren Sie als Erster alles \u00fcber die Welt der Gasmotoren und Energiel\u00f6sungen.<\/p>\n","protected":false},"author":1,"featured_media":0,"parent":0,"menu_order":58,"comment_status":"closed","ping_status":"closed","template":"","meta":{"_acf_changed":false,"footnotes":""},"class_list":["post-57496","page","type-page","status-publish","hentry"],"acf":[],"_links":{"self":[{"href":"https:\/\/www.powerup.at\/de\/wp-json\/wp\/v2\/pages\/57496","targetHints":{"allow":["GET"]}}],"collection":[{"href":"https:\/\/www.powerup.at\/de\/wp-json\/wp\/v2\/pages"}],"about":[{"href":"https:\/\/www.powerup.at\/de\/wp-json\/wp\/v2\/types\/page"}],"author":[{"embeddable":true,"href":"https:\/\/www.powerup.at\/de\/wp-json\/wp\/v2\/users\/1"}],"replies":[{"embeddable":true,"href":"https:\/\/www.powerup.at\/de\/wp-json\/wp\/v2\/comments?post=57496"}],"version-history":[{"count":3,"href":"https:\/\/www.powerup.at\/de\/wp-json\/wp\/v2\/pages\/57496\/revisions"}],"predecessor-version":[{"id":57503,"href":"https:\/\/www.powerup.at\/de\/wp-json\/wp\/v2\/pages\/57496\/revisions\/57503"}],"wp:attachment":[{"href":"https:\/\/www.powerup.at\/de\/wp-json\/wp\/v2\/media?parent=57496"}],"curies":[{"name":"wp","href":"https:\/\/api.w.org\/{rel}","templated":true}]}}