{"id":23299,"date":"2024-11-28T11:10:08","date_gmt":"2024-11-28T11:10:08","guid":{"rendered":"https:\/\/www.powerup.at\/shop\/product\/olfilter-2\/"},"modified":"2026-04-14T06:32:01","modified_gmt":"2026-04-14T06:32:01","slug":"olfilter-2","status":"publish","type":"product","link":"https:\/\/www.powerup.at\/de\/shop\/produkt\/olfilter-2\/","title":{"rendered":"\u00d6lfilter"},"content":{"rendered":"","protected":false},"excerpt":{"rendered":"<p>Wechselfilter passend f\u00fcr verschiedene Gasmotoren f\u00fcr optimale Filterung von Schmutzpartikeln im \u00d6l. \u00d6lfilter mit Stauschutzkappe, R\u00fccklaufsperre und zul. Betriebsdruck von 14bar.<\/p>\n","protected":false},"featured_media":18185,"comment_status":"closed","ping_status":"closed","template":"","meta":{"_acf_changed":false},"product_brand":[702,703,704,706],"product_cat":[402,416,408,417,564,418,634],"product_tag":[],"class_list":{"0":"post-23299","1":"product","2":"type-product","3":"status-publish","4":"has-post-thumbnail","6":"product_brand-cat","7":"product_brand-jenbacher","8":"product_brand-man","9":"product_brand-mwm","10":"product_cat-alle-produkte","11":"product_cat-cat-de","12":"product_cat-filter","13":"product_cat-jenbacher-de","14":"product_cat-man-de","15":"product_cat-mwm-de","16":"product_cat-property6-de","18":"first","19":"instock","20":"taxable","21":"shipping-taxable","22":"purchasable","23":"product-type-simple"},"acf":[],"_links":{"self":[{"href":"https:\/\/www.powerup.at\/de\/wp-json\/wp\/v2\/product\/23299","targetHints":{"allow":["GET"]}}],"collection":[{"href":"https:\/\/www.powerup.at\/de\/wp-json\/wp\/v2\/product"}],"about":[{"href":"https:\/\/www.powerup.at\/de\/wp-json\/wp\/v2\/types\/product"}],"replies":[{"embeddable":true,"href":"https:\/\/www.powerup.at\/de\/wp-json\/wp\/v2\/comments?post=23299"}],"wp:featuredmedia":[{"embeddable":true,"href":"https:\/\/www.powerup.at\/de\/wp-json\/wp\/v2\/media\/18185"}],"wp:attachment":[{"href":"https:\/\/www.powerup.at\/de\/wp-json\/wp\/v2\/media?parent=23299"}],"wp:term":[{"taxonomy":"product_brand","embeddable":true,"href":"https:\/\/www.powerup.at\/de\/wp-json\/wp\/v2\/product_brand?post=23299"},{"taxonomy":"product_cat","embeddable":true,"href":"https:\/\/www.powerup.at\/de\/wp-json\/wp\/v2\/product_cat?post=23299"},{"taxonomy":"product_tag","embeddable":true,"href":"https:\/\/www.powerup.at\/de\/wp-json\/wp\/v2\/product_tag?post=23299"}],"curies":[{"name":"wp","href":"https:\/\/api.w.org\/{rel}","templated":true}]}}