{"id":23333,"date":"2025-01-29T20:30:13","date_gmt":"2025-01-29T20:30:13","guid":{"rendered":"https:\/\/www.powerup.at\/shop\/product\/servomotor-stellgerat-stgg-30-10\/"},"modified":"2026-04-30T10:41:07","modified_gmt":"2026-04-30T10:41:07","slug":"servomotor-stellgerat-stgg-30-10","status":"publish","type":"product","link":"https:\/\/www.powerup.at\/de\/shop\/produkt\/servomotor-stellgerat-stgg-30-10\/","title":{"rendered":"Servomotor\/ Stellger\u00e4t STGG 30-10"},"content":{"rendered":"","protected":false},"excerpt":{"rendered":"<p>Stellger\u00e4t f\u00fcr geeignet f\u00fcr verschiedene Gasmotoren. <\/p>\n","protected":false},"featured_media":31147,"comment_status":"closed","ping_status":"closed","template":"","meta":{"_acf_changed":false},"product_brand":[702,703,704,706],"product_cat":[515,402,416,417,564,418,565],"product_tag":[],"class_list":{"0":"post-23333","1":"product","2":"type-product","3":"status-publish","4":"has-post-thumbnail","6":"product_brand-cat","7":"product_brand-jenbacher","8":"product_brand-man","9":"product_brand-mwm","10":"product_cat-aktuatoren-sensoren","11":"product_cat-alle-produkte","12":"product_cat-cat-de","13":"product_cat-jenbacher-de","14":"product_cat-man-de","15":"product_cat-mwm-de","16":"product_cat-property4-de","18":"first","19":"outofstock","20":"taxable","21":"shipping-taxable","22":"purchasable","23":"product-type-simple"},"acf":[],"_links":{"self":[{"href":"https:\/\/www.powerup.at\/de\/wp-json\/wp\/v2\/product\/23333","targetHints":{"allow":["GET"]}}],"collection":[{"href":"https:\/\/www.powerup.at\/de\/wp-json\/wp\/v2\/product"}],"about":[{"href":"https:\/\/www.powerup.at\/de\/wp-json\/wp\/v2\/types\/product"}],"replies":[{"embeddable":true,"href":"https:\/\/www.powerup.at\/de\/wp-json\/wp\/v2\/comments?post=23333"}],"wp:featuredmedia":[{"embeddable":true,"href":"https:\/\/www.powerup.at\/de\/wp-json\/wp\/v2\/media\/31147"}],"wp:attachment":[{"href":"https:\/\/www.powerup.at\/de\/wp-json\/wp\/v2\/media?parent=23333"}],"wp:term":[{"taxonomy":"product_brand","embeddable":true,"href":"https:\/\/www.powerup.at\/de\/wp-json\/wp\/v2\/product_brand?post=23333"},{"taxonomy":"product_cat","embeddable":true,"href":"https:\/\/www.powerup.at\/de\/wp-json\/wp\/v2\/product_cat?post=23333"},{"taxonomy":"product_tag","embeddable":true,"href":"https:\/\/www.powerup.at\/de\/wp-json\/wp\/v2\/product_tag?post=23333"}],"curies":[{"name":"wp","href":"https:\/\/api.w.org\/{rel}","templated":true}]}}