{"id":23379,"date":"2024-11-28T11:10:30","date_gmt":"2024-11-28T11:10:30","guid":{"rendered":"https:\/\/www.powerup.at\/shop\/product\/olfilter-4\/"},"modified":"2026-05-10T00:31:24","modified_gmt":"2026-05-10T00:31:24","slug":"olfilter-4","status":"publish","type":"product","link":"https:\/\/www.powerup.at\/de\/shop\/produkt\/olfilter-4\/","title":{"rendered":"\u00d6lfilter"},"content":{"rendered":"","protected":false},"excerpt":{"rendered":"<p>\u00d6lfilter f\u00fcr BR4 &#038; BR6 Aggregate von INNIO Jenbacher\u00ae<\/p>\n","protected":false},"featured_media":18589,"comment_status":"closed","ping_status":"closed","template":"","meta":{"_acf_changed":false},"product_brand":[],"product_cat":[548,402,408,417,593],"product_tag":[],"class_list":{"0":"post-23379","1":"product","2":"type-product","3":"status-publish","4":"has-post-thumbnail","6":"product_cat-2k-33k-de","7":"product_cat-alle-produkte","8":"product_cat-filter","9":"product_cat-jenbacher-de","10":"product_cat-property1-de","12":"first","13":"instock","14":"taxable","15":"shipping-taxable","16":"purchasable","17":"product-type-simple"},"acf":[],"_links":{"self":[{"href":"https:\/\/www.powerup.at\/de\/wp-json\/wp\/v2\/product\/23379","targetHints":{"allow":["GET"]}}],"collection":[{"href":"https:\/\/www.powerup.at\/de\/wp-json\/wp\/v2\/product"}],"about":[{"href":"https:\/\/www.powerup.at\/de\/wp-json\/wp\/v2\/types\/product"}],"replies":[{"embeddable":true,"href":"https:\/\/www.powerup.at\/de\/wp-json\/wp\/v2\/comments?post=23379"}],"wp:featuredmedia":[{"embeddable":true,"href":"https:\/\/www.powerup.at\/de\/wp-json\/wp\/v2\/media\/18589"}],"wp:attachment":[{"href":"https:\/\/www.powerup.at\/de\/wp-json\/wp\/v2\/media?parent=23379"}],"wp:term":[{"taxonomy":"product_brand","embeddable":true,"href":"https:\/\/www.powerup.at\/de\/wp-json\/wp\/v2\/product_brand?post=23379"},{"taxonomy":"product_cat","embeddable":true,"href":"https:\/\/www.powerup.at\/de\/wp-json\/wp\/v2\/product_cat?post=23379"},{"taxonomy":"product_tag","embeddable":true,"href":"https:\/\/www.powerup.at\/de\/wp-json\/wp\/v2\/product_tag?post=23379"}],"curies":[{"name":"wp","href":"https:\/\/api.w.org\/{rel}","templated":true}]}}