{"id":23481,"date":"2024-11-28T11:11:02","date_gmt":"2024-11-28T11:11:02","guid":{"rendered":"https:\/\/www.powerup.at\/shop\/product\/ol-filter-schmutzfanger\/"},"modified":"2026-05-10T00:46:10","modified_gmt":"2026-05-10T00:46:10","slug":"ol-filter-schmutzfanger","status":"publish","type":"product","link":"https:\/\/www.powerup.at\/de\/shop\/produkt\/ol-filter-schmutzfanger\/","title":{"rendered":"\u00d6l Filter (Schmutzf\u00e4nger)"},"content":{"rendered":"","protected":false},"excerpt":{"rendered":"<p>Y-St\u00fcck mit Siebeinsatz (Schmutzf\u00e4nger) passend f\u00fcr  Aggregate von INNIO Jenbacher\u00ae.<\/p>\n","protected":false},"featured_media":22473,"comment_status":"closed","ping_status":"closed","template":"","meta":{"_acf_changed":false},"product_brand":[],"product_cat":[548,402,408,417,593],"product_tag":[],"class_list":{"0":"post-23481","1":"product","2":"type-product","3":"status-publish","4":"has-post-thumbnail","6":"product_cat-2k-33k-de","7":"product_cat-alle-produkte","8":"product_cat-filter","9":"product_cat-jenbacher-de","10":"product_cat-property1-de","12":"first","13":"instock","14":"taxable","15":"shipping-taxable","16":"purchasable","17":"product-type-simple"},"acf":[],"_links":{"self":[{"href":"https:\/\/www.powerup.at\/de\/wp-json\/wp\/v2\/product\/23481","targetHints":{"allow":["GET"]}}],"collection":[{"href":"https:\/\/www.powerup.at\/de\/wp-json\/wp\/v2\/product"}],"about":[{"href":"https:\/\/www.powerup.at\/de\/wp-json\/wp\/v2\/types\/product"}],"replies":[{"embeddable":true,"href":"https:\/\/www.powerup.at\/de\/wp-json\/wp\/v2\/comments?post=23481"}],"wp:featuredmedia":[{"embeddable":true,"href":"https:\/\/www.powerup.at\/de\/wp-json\/wp\/v2\/media\/22473"}],"wp:attachment":[{"href":"https:\/\/www.powerup.at\/de\/wp-json\/wp\/v2\/media?parent=23481"}],"wp:term":[{"taxonomy":"product_brand","embeddable":true,"href":"https:\/\/www.powerup.at\/de\/wp-json\/wp\/v2\/product_brand?post=23481"},{"taxonomy":"product_cat","embeddable":true,"href":"https:\/\/www.powerup.at\/de\/wp-json\/wp\/v2\/product_cat?post=23481"},{"taxonomy":"product_tag","embeddable":true,"href":"https:\/\/www.powerup.at\/de\/wp-json\/wp\/v2\/product_tag?post=23481"}],"curies":[{"name":"wp","href":"https:\/\/api.w.org\/{rel}","templated":true}]}}