{"id":23807,"date":"2025-01-29T20:32:04","date_gmt":"2025-01-29T20:32:04","guid":{"rendered":"https:\/\/www.powerup.at\/shop\/product\/olfilterelement\/"},"modified":"2026-05-10T01:50:42","modified_gmt":"2026-05-10T01:50:42","slug":"olfilterelement","status":"publish","type":"product","link":"https:\/\/www.powerup.at\/de\/shop\/produkt\/olfilterelement\/","title":{"rendered":"\u00d6lfilterelement"},"content":{"rendered":"","protected":false},"excerpt":{"rendered":"<p>\u00d6lfiltereinsatz passend f\u00fcr MWM\u00ae TCG2032 Gasmotoren f\u00fcr optimale Filterung von Schmutzpartikeln im \u00d6l.<\/p>\n","protected":false},"featured_media":31210,"comment_status":"closed","ping_status":"closed","template":"","meta":{"_acf_changed":false},"product_brand":[],"product_cat":[402,408,418,565],"product_tag":[],"class_list":{"0":"post-23807","1":"product","2":"type-product","3":"status-publish","4":"has-post-thumbnail","6":"product_cat-alle-produkte","7":"product_cat-filter","8":"product_cat-mwm-de","9":"product_cat-property4-de","11":"first","12":"outofstock","13":"taxable","14":"shipping-taxable","15":"purchasable","16":"product-type-simple"},"acf":[],"_links":{"self":[{"href":"https:\/\/www.powerup.at\/de\/wp-json\/wp\/v2\/product\/23807","targetHints":{"allow":["GET"]}}],"collection":[{"href":"https:\/\/www.powerup.at\/de\/wp-json\/wp\/v2\/product"}],"about":[{"href":"https:\/\/www.powerup.at\/de\/wp-json\/wp\/v2\/types\/product"}],"replies":[{"embeddable":true,"href":"https:\/\/www.powerup.at\/de\/wp-json\/wp\/v2\/comments?post=23807"}],"wp:featuredmedia":[{"embeddable":true,"href":"https:\/\/www.powerup.at\/de\/wp-json\/wp\/v2\/media\/31210"}],"wp:attachment":[{"href":"https:\/\/www.powerup.at\/de\/wp-json\/wp\/v2\/media?parent=23807"}],"wp:term":[{"taxonomy":"product_brand","embeddable":true,"href":"https:\/\/www.powerup.at\/de\/wp-json\/wp\/v2\/product_brand?post=23807"},{"taxonomy":"product_cat","embeddable":true,"href":"https:\/\/www.powerup.at\/de\/wp-json\/wp\/v2\/product_cat?post=23807"},{"taxonomy":"product_tag","embeddable":true,"href":"https:\/\/www.powerup.at\/de\/wp-json\/wp\/v2\/product_tag?post=23807"}],"curies":[{"name":"wp","href":"https:\/\/api.w.org\/{rel}","templated":true}]}}