{"id":23821,"date":"2024-11-28T11:13:31","date_gmt":"2024-11-28T11:13:31","guid":{"rendered":"https:\/\/www.powerup.at\/shop\/product\/luftfilter-tcg-2020v20-tcg-2032\/"},"modified":"2026-05-10T01:53:22","modified_gmt":"2026-05-10T01:53:22","slug":"luftfilter-tcg-2020v20-tcg-2032","status":"publish","type":"product","link":"https:\/\/www.powerup.at\/de\/shop\/produkt\/luftfilter-tcg-2020v20-tcg-2032\/","title":{"rendered":"Luftfilter"},"content":{"rendered":"","protected":false},"excerpt":{"rendered":"<p>Der Luftfilter sorgt f\u00fcr saubere Ansaugluft und sch\u00fctzt vor Schmutzpartikeln im Motor. Luftfilterkasten inkl. Griffschutz passend f\u00fcr MWM\u00ae TCG2020V20 &#038; TCG2032.  <\/p>\n","protected":false},"featured_media":19714,"comment_status":"closed","ping_status":"closed","template":"","meta":{"_acf_changed":false},"product_brand":[],"product_cat":[402,557,558,408,418,670],"product_tag":[],"class_list":{"0":"post-23821","1":"product","2":"type-product","3":"status-publish","4":"has-post-thumbnail","6":"product_cat-alle-produkte","7":"product_cat-e40-de","8":"product_cat-e50-de","9":"product_cat-filter","10":"product_cat-mwm-de","11":"product_cat-property2-de","13":"first","14":"outofstock","15":"taxable","16":"shipping-taxable","17":"purchasable","18":"product-type-simple"},"acf":[],"_links":{"self":[{"href":"https:\/\/www.powerup.at\/de\/wp-json\/wp\/v2\/product\/23821","targetHints":{"allow":["GET"]}}],"collection":[{"href":"https:\/\/www.powerup.at\/de\/wp-json\/wp\/v2\/product"}],"about":[{"href":"https:\/\/www.powerup.at\/de\/wp-json\/wp\/v2\/types\/product"}],"replies":[{"embeddable":true,"href":"https:\/\/www.powerup.at\/de\/wp-json\/wp\/v2\/comments?post=23821"}],"wp:featuredmedia":[{"embeddable":true,"href":"https:\/\/www.powerup.at\/de\/wp-json\/wp\/v2\/media\/19714"}],"wp:attachment":[{"href":"https:\/\/www.powerup.at\/de\/wp-json\/wp\/v2\/media?parent=23821"}],"wp:term":[{"taxonomy":"product_brand","embeddable":true,"href":"https:\/\/www.powerup.at\/de\/wp-json\/wp\/v2\/product_brand?post=23821"},{"taxonomy":"product_cat","embeddable":true,"href":"https:\/\/www.powerup.at\/de\/wp-json\/wp\/v2\/product_cat?post=23821"},{"taxonomy":"product_tag","embeddable":true,"href":"https:\/\/www.powerup.at\/de\/wp-json\/wp\/v2\/product_tag?post=23821"}],"curies":[{"name":"wp","href":"https:\/\/api.w.org\/{rel}","templated":true}]}}