{"id":23939,"date":"2025-01-29T20:33:16","date_gmt":"2025-01-29T20:33:16","guid":{"rendered":"https:\/\/www.powerup.at\/shop\/product\/olfilter-12\/"},"modified":"2026-05-10T02:25:50","modified_gmt":"2026-05-10T02:25:50","slug":"olfilter-12","status":"publish","type":"product","link":"https:\/\/www.powerup.at\/de\/shop\/produkt\/olfilter-12\/","title":{"rendered":"\u00d6lfilter"},"content":{"rendered":"","protected":false},"excerpt":{"rendered":"<p>\u00d6lfilter passend f\u00fcr MWM\u00ae TCG3016 f\u00fcr optimale Filterung von Schmutzpartikeln im \u00d6l.<\/p>\n","protected":false},"featured_media":31360,"comment_status":"closed","ping_status":"closed","template":"","meta":{"_acf_changed":false},"product_brand":[706],"product_cat":[402,408,418,565],"product_tag":[],"class_list":{"0":"post-23939","1":"product","2":"type-product","3":"status-publish","4":"has-post-thumbnail","6":"product_brand-mwm","7":"product_cat-alle-produkte","8":"product_cat-filter","9":"product_cat-mwm-de","10":"product_cat-property4-de","12":"first","13":"outofstock","14":"taxable","15":"shipping-taxable","16":"purchasable","17":"product-type-simple"},"acf":[],"_links":{"self":[{"href":"https:\/\/www.powerup.at\/de\/wp-json\/wp\/v2\/product\/23939","targetHints":{"allow":["GET"]}}],"collection":[{"href":"https:\/\/www.powerup.at\/de\/wp-json\/wp\/v2\/product"}],"about":[{"href":"https:\/\/www.powerup.at\/de\/wp-json\/wp\/v2\/types\/product"}],"replies":[{"embeddable":true,"href":"https:\/\/www.powerup.at\/de\/wp-json\/wp\/v2\/comments?post=23939"}],"wp:featuredmedia":[{"embeddable":true,"href":"https:\/\/www.powerup.at\/de\/wp-json\/wp\/v2\/media\/31360"}],"wp:attachment":[{"href":"https:\/\/www.powerup.at\/de\/wp-json\/wp\/v2\/media?parent=23939"}],"wp:term":[{"taxonomy":"product_brand","embeddable":true,"href":"https:\/\/www.powerup.at\/de\/wp-json\/wp\/v2\/product_brand?post=23939"},{"taxonomy":"product_cat","embeddable":true,"href":"https:\/\/www.powerup.at\/de\/wp-json\/wp\/v2\/product_cat?post=23939"},{"taxonomy":"product_tag","embeddable":true,"href":"https:\/\/www.powerup.at\/de\/wp-json\/wp\/v2\/product_tag?post=23939"}],"curies":[{"name":"wp","href":"https:\/\/api.w.org\/{rel}","templated":true}]}}