{"id":23959,"date":"2025-01-29T20:33:18","date_gmt":"2025-01-29T20:33:18","guid":{"rendered":"https:\/\/www.powerup.at\/shop\/product\/olfilter-13\/"},"modified":"2026-05-10T02:29:22","modified_gmt":"2026-05-10T02:29:22","slug":"olfilter-13","status":"publish","type":"product","link":"https:\/\/www.powerup.at\/de\/shop\/produkt\/olfilter-13\/","title":{"rendered":"\u00d6lfilter"},"content":{"rendered":"","protected":false},"excerpt":{"rendered":"<p>\u00d6lfilter passend f\u00fcr CAT\u00ae Gasmotoren f\u00fcr optimale Filterung von Schmutzpartikeln im \u00d6l. Filter f\u00fcr hohen Druck ausgelegt.<\/p>\n","protected":false},"featured_media":31363,"comment_status":"closed","ping_status":"closed","template":"","meta":{"_acf_changed":false},"product_brand":[702],"product_cat":[402,416,408,580],"product_tag":[],"class_list":{"0":"post-23959","1":"product","2":"type-product","3":"status-publish","4":"has-post-thumbnail","6":"product_brand-cat","7":"product_cat-alle-produkte","8":"product_cat-cat-de","9":"product_cat-filter","10":"product_cat-property5-de","12":"first","13":"outofstock","14":"taxable","15":"shipping-taxable","16":"purchasable","17":"product-type-simple"},"acf":[],"_links":{"self":[{"href":"https:\/\/www.powerup.at\/de\/wp-json\/wp\/v2\/product\/23959","targetHints":{"allow":["GET"]}}],"collection":[{"href":"https:\/\/www.powerup.at\/de\/wp-json\/wp\/v2\/product"}],"about":[{"href":"https:\/\/www.powerup.at\/de\/wp-json\/wp\/v2\/types\/product"}],"replies":[{"embeddable":true,"href":"https:\/\/www.powerup.at\/de\/wp-json\/wp\/v2\/comments?post=23959"}],"wp:featuredmedia":[{"embeddable":true,"href":"https:\/\/www.powerup.at\/de\/wp-json\/wp\/v2\/media\/31363"}],"wp:attachment":[{"href":"https:\/\/www.powerup.at\/de\/wp-json\/wp\/v2\/media?parent=23959"}],"wp:term":[{"taxonomy":"product_brand","embeddable":true,"href":"https:\/\/www.powerup.at\/de\/wp-json\/wp\/v2\/product_brand?post=23959"},{"taxonomy":"product_cat","embeddable":true,"href":"https:\/\/www.powerup.at\/de\/wp-json\/wp\/v2\/product_cat?post=23959"},{"taxonomy":"product_tag","embeddable":true,"href":"https:\/\/www.powerup.at\/de\/wp-json\/wp\/v2\/product_tag?post=23959"}],"curies":[{"name":"wp","href":"https:\/\/api.w.org\/{rel}","templated":true}]}}