{"id":23983,"date":"2025-01-24T14:42:51","date_gmt":"2025-01-24T14:42:51","guid":{"rendered":"https:\/\/www.powerup.at\/shop\/product\/luftfilter-mwm-cat\/"},"modified":"2026-04-29T13:40:55","modified_gmt":"2026-04-29T13:40:55","slug":"luftfilter-mwm-cat","status":"publish","type":"product","link":"https:\/\/www.powerup.at\/de\/shop\/produkt\/luftfilter-mwm-cat\/","title":{"rendered":"Luftfilter"},"content":{"rendered":"","protected":false},"excerpt":{"rendered":"<p>Der Luftfilter sorgt f\u00fcr saubere Ansaugluft und sch\u00fctzt vor Schmutzpartikeln im Motor. Luftfiltereinsatz passend f\u00fcr MWM\u00ae Gasmotoren.<\/p>\n","protected":false},"featured_media":20666,"comment_status":"closed","ping_status":"closed","template":"","meta":{"_acf_changed":false},"product_brand":[],"product_cat":[402,408,418,634],"product_tag":[],"class_list":{"0":"post-23983","1":"product","2":"type-product","3":"status-publish","4":"has-post-thumbnail","6":"product_cat-alle-produkte","7":"product_cat-filter","8":"product_cat-mwm-de","9":"product_cat-property6-de","11":"first","12":"instock","13":"taxable","14":"shipping-taxable","15":"purchasable","16":"product-type-simple"},"acf":[],"_links":{"self":[{"href":"https:\/\/www.powerup.at\/de\/wp-json\/wp\/v2\/product\/23983","targetHints":{"allow":["GET"]}}],"collection":[{"href":"https:\/\/www.powerup.at\/de\/wp-json\/wp\/v2\/product"}],"about":[{"href":"https:\/\/www.powerup.at\/de\/wp-json\/wp\/v2\/types\/product"}],"replies":[{"embeddable":true,"href":"https:\/\/www.powerup.at\/de\/wp-json\/wp\/v2\/comments?post=23983"}],"wp:featuredmedia":[{"embeddable":true,"href":"https:\/\/www.powerup.at\/de\/wp-json\/wp\/v2\/media\/20666"}],"wp:attachment":[{"href":"https:\/\/www.powerup.at\/de\/wp-json\/wp\/v2\/media?parent=23983"}],"wp:term":[{"taxonomy":"product_brand","embeddable":true,"href":"https:\/\/www.powerup.at\/de\/wp-json\/wp\/v2\/product_brand?post=23983"},{"taxonomy":"product_cat","embeddable":true,"href":"https:\/\/www.powerup.at\/de\/wp-json\/wp\/v2\/product_cat?post=23983"},{"taxonomy":"product_tag","embeddable":true,"href":"https:\/\/www.powerup.at\/de\/wp-json\/wp\/v2\/product_tag?post=23983"}],"curies":[{"name":"wp","href":"https:\/\/api.w.org\/{rel}","templated":true}]}}