{"id":26740,"date":"2025-04-28T13:30:29","date_gmt":"2025-04-28T13:30:29","guid":{"rendered":"https:\/\/www.powerup.at\/shop\/product\/spark-plug-sleeve\/"},"modified":"2026-05-01T19:43:19","modified_gmt":"2026-05-01T19:43:19","slug":"spark-plug-sleeve","status":"publish","type":"product","link":"https:\/\/www.powerup.at\/de\/shop\/produkt\/spark-plug-sleeve\/","title":{"rendered":"Z\u00fcndkerzenh\u00fclse"},"content":{"rendered":"","protected":false},"excerpt":{"rendered":"<p>Z\u00fcndkerzenk\u00fchlh\u00fclse passend f\u00fcr MWM\u00ae TCG2016 Zylinderkopf. Anzugsmoment von 100Nm (+\/-5) beachten. Passender Kronenmutterschl\u00fcssel mit Teilenummer 1111968 erh\u00e4ltlich.<\/p>\n","protected":false},"featured_media":26876,"comment_status":"closed","ping_status":"closed","template":"","meta":{"_acf_changed":false},"product_brand":[706],"product_cat":[402,418,565,510],"product_tag":[],"class_list":{"0":"post-26740","1":"product","2":"type-product","3":"status-publish","4":"has-post-thumbnail","6":"product_brand-mwm","7":"product_cat-alle-produkte","8":"product_cat-mwm-de","9":"product_cat-property4-de","10":"product_cat-zylinderkopf","12":"first","13":"instock","14":"taxable","15":"shipping-taxable","16":"purchasable","17":"product-type-simple"},"acf":[],"_links":{"self":[{"href":"https:\/\/www.powerup.at\/de\/wp-json\/wp\/v2\/product\/26740","targetHints":{"allow":["GET"]}}],"collection":[{"href":"https:\/\/www.powerup.at\/de\/wp-json\/wp\/v2\/product"}],"about":[{"href":"https:\/\/www.powerup.at\/de\/wp-json\/wp\/v2\/types\/product"}],"replies":[{"embeddable":true,"href":"https:\/\/www.powerup.at\/de\/wp-json\/wp\/v2\/comments?post=26740"}],"wp:featuredmedia":[{"embeddable":true,"href":"https:\/\/www.powerup.at\/de\/wp-json\/wp\/v2\/media\/26876"}],"wp:attachment":[{"href":"https:\/\/www.powerup.at\/de\/wp-json\/wp\/v2\/media?parent=26740"}],"wp:term":[{"taxonomy":"product_brand","embeddable":true,"href":"https:\/\/www.powerup.at\/de\/wp-json\/wp\/v2\/product_brand?post=26740"},{"taxonomy":"product_cat","embeddable":true,"href":"https:\/\/www.powerup.at\/de\/wp-json\/wp\/v2\/product_cat?post=26740"},{"taxonomy":"product_tag","embeddable":true,"href":"https:\/\/www.powerup.at\/de\/wp-json\/wp\/v2\/product_tag?post=26740"}],"curies":[{"name":"wp","href":"https:\/\/api.w.org\/{rel}","templated":true}]}}