{"id":29153,"date":"2025-05-08T01:22:25","date_gmt":"2025-05-08T01:22:25","guid":{"rendered":"https:\/\/www.powerup.at\/shop\/product\/module-support\/"},"modified":"2026-04-16T11:58:35","modified_gmt":"2026-04-16T11:58:35","slug":"module-support","status":"publish","type":"product","link":"https:\/\/www.powerup.at\/de\/shop\/produkt\/module-support\/","title":{"rendered":"2005 R\u00fcckwandmodul, 9 Steckpl\u00e4tze"},"content":{"rendered":"","protected":false},"excerpt":{"rendered":"<p>2005 R\u00fcckwandmodul, 9 Steckpl\u00e4tze passend f\u00fcr die Baureihe 2, 3, 4 und 6 von INNIO Jenbacher\u00ae.<\/p>\n<p>Das \u201eo\u201c am Ende der Teilenummer zeigt an, dass es sich um einen \u00fcberholten Artikel handelt. Diese Artikel wurden fachgerecht aufgearbeitet, sodass ihre Funktionalit\u00e4t wiederhergestellt ist.<\/p>\n","protected":false},"featured_media":28639,"comment_status":"closed","ping_status":"closed","template":"","meta":{"_acf_changed":false},"product_brand":[703],"product_cat":[402,671,417,670,657],"product_tag":[],"class_list":{"0":"post-29153","1":"product","2":"type-product","3":"status-publish","4":"has-post-thumbnail","6":"product_brand-jenbacher","7":"product_cat-alle-produkte","8":"product_cat-elektronik-de","9":"product_cat-jenbacher-de","10":"product_cat-property2-de","11":"product_cat-reman-de","13":"first","14":"instock","15":"taxable","16":"shipping-taxable","17":"purchasable","18":"product-type-simple"},"acf":[],"_links":{"self":[{"href":"https:\/\/www.powerup.at\/de\/wp-json\/wp\/v2\/product\/29153","targetHints":{"allow":["GET"]}}],"collection":[{"href":"https:\/\/www.powerup.at\/de\/wp-json\/wp\/v2\/product"}],"about":[{"href":"https:\/\/www.powerup.at\/de\/wp-json\/wp\/v2\/types\/product"}],"replies":[{"embeddable":true,"href":"https:\/\/www.powerup.at\/de\/wp-json\/wp\/v2\/comments?post=29153"}],"wp:featuredmedia":[{"embeddable":true,"href":"https:\/\/www.powerup.at\/de\/wp-json\/wp\/v2\/media\/28639"}],"wp:attachment":[{"href":"https:\/\/www.powerup.at\/de\/wp-json\/wp\/v2\/media?parent=29153"}],"wp:term":[{"taxonomy":"product_brand","embeddable":true,"href":"https:\/\/www.powerup.at\/de\/wp-json\/wp\/v2\/product_brand?post=29153"},{"taxonomy":"product_cat","embeddable":true,"href":"https:\/\/www.powerup.at\/de\/wp-json\/wp\/v2\/product_cat?post=29153"},{"taxonomy":"product_tag","embeddable":true,"href":"https:\/\/www.powerup.at\/de\/wp-json\/wp\/v2\/product_tag?post=29153"}],"curies":[{"name":"wp","href":"https:\/\/api.w.org\/{rel}","templated":true}]}}