{"id":31138,"date":"2025-07-23T09:25:06","date_gmt":"2025-07-23T09:25:06","guid":{"rendered":"https:\/\/www.powerup.at\/shop\/product\/spark-plug-lead\/"},"modified":"2026-04-15T03:15:36","modified_gmt":"2026-04-15T03:15:36","slug":"spark-plug-lead","status":"publish","type":"product","link":"https:\/\/www.powerup.at\/de\/shop\/produkt\/spark-plug-lead\/","title":{"rendered":"Z\u00fcndkerzenstecker MTU 4000 L32\/33\/64"},"content":{"rendered":"","protected":false},"excerpt":{"rendered":"<p>Z\u00fcndkerzenstecker inkl. Flansch f\u00fcr Ausschussicherung passend f\u00fcr MTU\u00ae 4000 Baureihe.<\/p>\n","protected":false},"featured_media":34364,"comment_status":"closed","ping_status":"closed","template":"","meta":{"_acf_changed":false},"product_brand":[],"product_cat":[402,544,580,502],"product_tag":[],"class_list":{"0":"post-31138","1":"product","2":"type-product","3":"status-publish","4":"has-post-thumbnail","6":"product_cat-alle-produkte","7":"product_cat-mtu-de","8":"product_cat-property5-de","9":"product_cat-zuendkerzen-zuendsysteme","11":"first","12":"instock","13":"taxable","14":"shipping-taxable","15":"purchasable","16":"product-type-simple"},"acf":[],"_links":{"self":[{"href":"https:\/\/www.powerup.at\/de\/wp-json\/wp\/v2\/product\/31138","targetHints":{"allow":["GET"]}}],"collection":[{"href":"https:\/\/www.powerup.at\/de\/wp-json\/wp\/v2\/product"}],"about":[{"href":"https:\/\/www.powerup.at\/de\/wp-json\/wp\/v2\/types\/product"}],"replies":[{"embeddable":true,"href":"https:\/\/www.powerup.at\/de\/wp-json\/wp\/v2\/comments?post=31138"}],"wp:featuredmedia":[{"embeddable":true,"href":"https:\/\/www.powerup.at\/de\/wp-json\/wp\/v2\/media\/34364"}],"wp:attachment":[{"href":"https:\/\/www.powerup.at\/de\/wp-json\/wp\/v2\/media?parent=31138"}],"wp:term":[{"taxonomy":"product_brand","embeddable":true,"href":"https:\/\/www.powerup.at\/de\/wp-json\/wp\/v2\/product_brand?post=31138"},{"taxonomy":"product_cat","embeddable":true,"href":"https:\/\/www.powerup.at\/de\/wp-json\/wp\/v2\/product_cat?post=31138"},{"taxonomy":"product_tag","embeddable":true,"href":"https:\/\/www.powerup.at\/de\/wp-json\/wp\/v2\/product_tag?post=31138"}],"curies":[{"name":"wp","href":"https:\/\/api.w.org\/{rel}","templated":true}]}}