{"id":32472,"date":"2025-08-20T15:30:04","date_gmt":"2025-08-20T15:30:04","guid":{"rendered":"https:\/\/www.powerup.at\/shop\/product\/powerup-cylinder-head-2016\/"},"modified":"2026-05-10T01:43:05","modified_gmt":"2026-05-10T01:43:05","slug":"powerup-cylinder-head-2016","status":"publish","type":"product","link":"https:\/\/www.powerup.at\/de\/shop\/produkt\/powerup-cylinder-head-2016\/","title":{"rendered":"Austausch Zylinderkopf f\u00fcr MWM\u00ae TCG2016\/3016"},"content":{"rendered":"","protected":false},"excerpt":{"rendered":"<p>Der PowerUP\u00ae-Austausch-Zylinderkopf passend f\u00fcr TCG2016\/3016, sowie CG132 Motoren, vereint Innovation mit h\u00f6chster Kompatibilit\u00e4t. Der PowerUP\u00ae Zylinderkopf ist passend f\u00fcr alle Gasarten geeignet. Zus\u00e4tzlich kann er mit OEM-Zylinderk\u00f6pfen gemischt verbaut werden und ist mit der OEM-Ventilhaube vollkompatibel.<br \/>\nDer Zylinderkopf sorgt f\u00fcr maximale Zuverl\u00e4ssigkeit und h\u00f6chste Effizienz.<\/p>\n","protected":false},"featured_media":32462,"comment_status":"closed","ping_status":"closed","template":"","meta":{"_acf_changed":false},"product_brand":[706],"product_cat":[402,415,418,565,510],"product_tag":[],"class_list":{"0":"post-32472","1":"product","2":"type-product","3":"status-publish","4":"has-post-thumbnail","6":"product_brand-mwm","7":"product_cat-alle-produkte","8":"product_cat-bestseller","9":"product_cat-mwm-de","10":"product_cat-property4-de","11":"product_cat-zylinderkopf","13":"first","14":"instock","15":"taxable","16":"shipping-taxable","17":"purchasable","18":"product-type-simple"},"acf":[],"_links":{"self":[{"href":"https:\/\/www.powerup.at\/de\/wp-json\/wp\/v2\/product\/32472","targetHints":{"allow":["GET"]}}],"collection":[{"href":"https:\/\/www.powerup.at\/de\/wp-json\/wp\/v2\/product"}],"about":[{"href":"https:\/\/www.powerup.at\/de\/wp-json\/wp\/v2\/types\/product"}],"replies":[{"embeddable":true,"href":"https:\/\/www.powerup.at\/de\/wp-json\/wp\/v2\/comments?post=32472"}],"wp:featuredmedia":[{"embeddable":true,"href":"https:\/\/www.powerup.at\/de\/wp-json\/wp\/v2\/media\/32462"}],"wp:attachment":[{"href":"https:\/\/www.powerup.at\/de\/wp-json\/wp\/v2\/media?parent=32472"}],"wp:term":[{"taxonomy":"product_brand","embeddable":true,"href":"https:\/\/www.powerup.at\/de\/wp-json\/wp\/v2\/product_brand?post=32472"},{"taxonomy":"product_cat","embeddable":true,"href":"https:\/\/www.powerup.at\/de\/wp-json\/wp\/v2\/product_cat?post=32472"},{"taxonomy":"product_tag","embeddable":true,"href":"https:\/\/www.powerup.at\/de\/wp-json\/wp\/v2\/product_tag?post=32472"}],"curies":[{"name":"wp","href":"https:\/\/api.w.org\/{rel}","templated":true}]}}