{"id":32484,"date":"2025-08-20T15:30:17","date_gmt":"2025-08-20T15:30:17","guid":{"rendered":"https:\/\/www.powerup.at\/shop\/product\/ignition-coil-2\/"},"modified":"2026-04-15T06:16:34","modified_gmt":"2026-04-15T06:16:34","slug":"ignition-coil-2","status":"publish","type":"product","link":"https:\/\/www.powerup.at\/de\/shop\/produkt\/ignition-coil-2\/","title":{"rendered":"Z\u00fcndspule C-Spule (rot)"},"content":{"rendered":"","protected":false},"excerpt":{"rendered":"<p>Z\u00fcndspule (rot) geeignet f\u00fcr Jenbacher\u00ae &#038; MTU\u00ae Gasmotoren.<\/p>\n","protected":false},"featured_media":32456,"comment_status":"closed","ping_status":"closed","template":"","meta":{"_acf_changed":false},"product_brand":[],"product_cat":[402,416,417,564,418,565,502],"product_tag":[],"class_list":{"0":"post-32484","1":"product","2":"type-product","3":"status-publish","4":"has-post-thumbnail","6":"product_cat-alle-produkte","7":"product_cat-cat-de","8":"product_cat-jenbacher-de","9":"product_cat-man-de","10":"product_cat-mwm-de","11":"product_cat-property4-de","12":"product_cat-zuendkerzen-zuendsysteme","14":"first","15":"instock","16":"taxable","17":"shipping-taxable","18":"purchasable","19":"product-type-simple"},"acf":[],"_links":{"self":[{"href":"https:\/\/www.powerup.at\/de\/wp-json\/wp\/v2\/product\/32484","targetHints":{"allow":["GET"]}}],"collection":[{"href":"https:\/\/www.powerup.at\/de\/wp-json\/wp\/v2\/product"}],"about":[{"href":"https:\/\/www.powerup.at\/de\/wp-json\/wp\/v2\/types\/product"}],"replies":[{"embeddable":true,"href":"https:\/\/www.powerup.at\/de\/wp-json\/wp\/v2\/comments?post=32484"}],"wp:featuredmedia":[{"embeddable":true,"href":"https:\/\/www.powerup.at\/de\/wp-json\/wp\/v2\/media\/32456"}],"wp:attachment":[{"href":"https:\/\/www.powerup.at\/de\/wp-json\/wp\/v2\/media?parent=32484"}],"wp:term":[{"taxonomy":"product_brand","embeddable":true,"href":"https:\/\/www.powerup.at\/de\/wp-json\/wp\/v2\/product_brand?post=32484"},{"taxonomy":"product_cat","embeddable":true,"href":"https:\/\/www.powerup.at\/de\/wp-json\/wp\/v2\/product_cat?post=32484"},{"taxonomy":"product_tag","embeddable":true,"href":"https:\/\/www.powerup.at\/de\/wp-json\/wp\/v2\/product_tag?post=32484"}],"curies":[{"name":"wp","href":"https:\/\/api.w.org\/{rel}","templated":true}]}}