{"id":33069,"date":"2025-09-09T14:30:40","date_gmt":"2025-09-09T14:30:40","guid":{"rendered":"https:\/\/www.powerup.at\/shop\/product\/cylinder-head-mwm-tcg-2016-overhauled\/"},"modified":"2026-04-15T18:08:09","modified_gmt":"2026-04-15T18:08:09","slug":"cylinder-head-mwm-tcg-2016-overhauled","status":"publish","type":"product","link":"https:\/\/www.powerup.at\/de\/shop\/produkt\/cylinder-head-mwm-tcg-2016-overhauled\/","title":{"rendered":"Zylinderkopf f\u00fcr MWM\u00ae TCG 2016 \u00fcberholt"},"content":{"rendered":"","protected":false},"excerpt":{"rendered":"<p>Die sorgf\u00e4ltig \u00fcberholten Zylinderk\u00f6pfe passend f\u00fcr TCG2016\/3016 von PowerUP\u00ae bieten eine kosteneffiziente und nachhaltige L\u00f6sung. Bei Bestellung von \u00fcberholten Zylinderk\u00f6pfen wird ein entsprechender Pfandwert berechnet. Die retournierten K\u00f6pfe werden befundet und nach positiver Beurteilung wird der Pfandbetrag gutgeschrieben.  <\/p>\n<p>Das \u201eo\u201c am Ende der Teilenummer zeigt an, dass es sich um einen \u00fcberholten Artikel handelt. Diese Artikel wurden fachgerecht aufgearbeitet, sodass ihre Funktionalit\u00e4t wiederhergestellt ist.<\/p>\n","protected":false},"featured_media":32968,"comment_status":"closed","ping_status":"closed","template":"","meta":{"_acf_changed":false},"product_brand":[],"product_cat":[402,415,418,565,657,510],"product_tag":[],"class_list":{"0":"post-33069","1":"product","2":"type-product","3":"status-publish","4":"has-post-thumbnail","6":"product_cat-alle-produkte","7":"product_cat-bestseller","8":"product_cat-mwm-de","9":"product_cat-property4-de","10":"product_cat-reman-de","11":"product_cat-zylinderkopf","13":"first","14":"instock","15":"taxable","16":"shipping-taxable","17":"purchasable","18":"product-type-simple"},"acf":[],"_links":{"self":[{"href":"https:\/\/www.powerup.at\/de\/wp-json\/wp\/v2\/product\/33069","targetHints":{"allow":["GET"]}}],"collection":[{"href":"https:\/\/www.powerup.at\/de\/wp-json\/wp\/v2\/product"}],"about":[{"href":"https:\/\/www.powerup.at\/de\/wp-json\/wp\/v2\/types\/product"}],"replies":[{"embeddable":true,"href":"https:\/\/www.powerup.at\/de\/wp-json\/wp\/v2\/comments?post=33069"}],"wp:featuredmedia":[{"embeddable":true,"href":"https:\/\/www.powerup.at\/de\/wp-json\/wp\/v2\/media\/32968"}],"wp:attachment":[{"href":"https:\/\/www.powerup.at\/de\/wp-json\/wp\/v2\/media?parent=33069"}],"wp:term":[{"taxonomy":"product_brand","embeddable":true,"href":"https:\/\/www.powerup.at\/de\/wp-json\/wp\/v2\/product_brand?post=33069"},{"taxonomy":"product_cat","embeddable":true,"href":"https:\/\/www.powerup.at\/de\/wp-json\/wp\/v2\/product_cat?post=33069"},{"taxonomy":"product_tag","embeddable":true,"href":"https:\/\/www.powerup.at\/de\/wp-json\/wp\/v2\/product_tag?post=33069"}],"curies":[{"name":"wp","href":"https:\/\/api.w.org\/{rel}","templated":true}]}}