{"id":33418,"date":"2025-10-01T06:40:45","date_gmt":"2025-10-01T06:40:45","guid":{"rendered":"https:\/\/www.powerup.at\/shop\/product\/ignition-controller-mic4\/"},"modified":"2026-04-18T03:30:34","modified_gmt":"2026-04-18T03:30:34","slug":"ignition-controller-mic4","status":"publish","type":"product","link":"https:\/\/www.powerup.at\/de\/shop\/produkt\/ignition-controller-mic4\/","title":{"rendered":"Z\u00fcndsteuerger\u00e4t MIC4"},"content":{"rendered":"","protected":false},"excerpt":{"rendered":"<p>MIC4-Z\u00fcndsteuerger\u00e4t mit insgesamt 16 Ausg\u00e4ngen, die auf zwei Ausgangsstecker (14- und 17-polig) aufgeteilt sind<\/p>\n","protected":false},"featured_media":34334,"comment_status":"closed","ping_status":"closed","template":"","meta":{"_acf_changed":false},"product_brand":[],"product_cat":[402,417,565,502],"product_tag":[],"class_list":{"0":"post-33418","1":"product","2":"type-product","3":"status-publish","4":"has-post-thumbnail","6":"product_cat-alle-produkte","7":"product_cat-jenbacher-de","8":"product_cat-property4-de","9":"product_cat-zuendkerzen-zuendsysteme","11":"first","12":"instock","13":"taxable","14":"shipping-taxable","15":"purchasable","16":"product-type-simple"},"acf":[],"_links":{"self":[{"href":"https:\/\/www.powerup.at\/de\/wp-json\/wp\/v2\/product\/33418","targetHints":{"allow":["GET"]}}],"collection":[{"href":"https:\/\/www.powerup.at\/de\/wp-json\/wp\/v2\/product"}],"about":[{"href":"https:\/\/www.powerup.at\/de\/wp-json\/wp\/v2\/types\/product"}],"replies":[{"embeddable":true,"href":"https:\/\/www.powerup.at\/de\/wp-json\/wp\/v2\/comments?post=33418"}],"wp:featuredmedia":[{"embeddable":true,"href":"https:\/\/www.powerup.at\/de\/wp-json\/wp\/v2\/media\/34334"}],"wp:attachment":[{"href":"https:\/\/www.powerup.at\/de\/wp-json\/wp\/v2\/media?parent=33418"}],"wp:term":[{"taxonomy":"product_brand","embeddable":true,"href":"https:\/\/www.powerup.at\/de\/wp-json\/wp\/v2\/product_brand?post=33418"},{"taxonomy":"product_cat","embeddable":true,"href":"https:\/\/www.powerup.at\/de\/wp-json\/wp\/v2\/product_cat?post=33418"},{"taxonomy":"product_tag","embeddable":true,"href":"https:\/\/www.powerup.at\/de\/wp-json\/wp\/v2\/product_tag?post=33418"}],"curies":[{"name":"wp","href":"https:\/\/api.w.org\/{rel}","templated":true}]}}