{"id":34133,"date":"2025-11-04T14:34:09","date_gmt":"2025-11-04T14:34:09","guid":{"rendered":"https:\/\/www.powerup.at\/shop\/product\/gasket-38\/"},"modified":"2026-04-14T14:07:03","modified_gmt":"2026-04-14T14:07:03","slug":"gasket-38","status":"publish","type":"product","link":"https:\/\/www.powerup.at\/de\/shop\/produkt\/gasket-38\/","title":{"rendered":"\u00d6lk\u00fchlerdichtung"},"content":{"rendered":"","protected":false},"excerpt":{"rendered":"<p>\u00d6lk\u00fchlerdichtung passend f\u00fcr Motoren aus der E28-Serie von MAN\u00ae.<\/p>\n","protected":false},"featured_media":33952,"comment_status":"closed","ping_status":"closed","template":"","meta":{"_acf_changed":false},"product_brand":[704],"product_cat":[402,407,564,586],"product_tag":[],"class_list":{"0":"post-34133","1":"product","2":"type-product","3":"status-publish","4":"has-post-thumbnail","6":"product_brand-man","7":"product_cat-alle-produkte","8":"product_cat-dichtungen","9":"product_cat-man-de","10":"product_cat-property7-de","12":"first","13":"outofstock","14":"taxable","15":"shipping-taxable","16":"purchasable","17":"product-type-simple"},"acf":[],"_links":{"self":[{"href":"https:\/\/www.powerup.at\/de\/wp-json\/wp\/v2\/product\/34133","targetHints":{"allow":["GET"]}}],"collection":[{"href":"https:\/\/www.powerup.at\/de\/wp-json\/wp\/v2\/product"}],"about":[{"href":"https:\/\/www.powerup.at\/de\/wp-json\/wp\/v2\/types\/product"}],"replies":[{"embeddable":true,"href":"https:\/\/www.powerup.at\/de\/wp-json\/wp\/v2\/comments?post=34133"}],"wp:featuredmedia":[{"embeddable":true,"href":"https:\/\/www.powerup.at\/de\/wp-json\/wp\/v2\/media\/33952"}],"wp:attachment":[{"href":"https:\/\/www.powerup.at\/de\/wp-json\/wp\/v2\/media?parent=34133"}],"wp:term":[{"taxonomy":"product_brand","embeddable":true,"href":"https:\/\/www.powerup.at\/de\/wp-json\/wp\/v2\/product_brand?post=34133"},{"taxonomy":"product_cat","embeddable":true,"href":"https:\/\/www.powerup.at\/de\/wp-json\/wp\/v2\/product_cat?post=34133"},{"taxonomy":"product_tag","embeddable":true,"href":"https:\/\/www.powerup.at\/de\/wp-json\/wp\/v2\/product_tag?post=34133"}],"curies":[{"name":"wp","href":"https:\/\/api.w.org\/{rel}","templated":true}]}}