{"id":34142,"date":"2025-11-04T14:34:27","date_gmt":"2025-11-04T14:34:27","guid":{"rendered":"https:\/\/www.powerup.at\/shop\/product\/gasket-41\/"},"modified":"2026-04-15T23:35:04","modified_gmt":"2026-04-15T23:35:04","slug":"gasket-41","status":"publish","type":"product","link":"https:\/\/www.powerup.at\/de\/shop\/produkt\/gasket-41\/","title":{"rendered":"\u00d6lwannendichtung"},"content":{"rendered":"","protected":false},"excerpt":{"rendered":"<p>\u00d6lwannendichtung passend f\u00fcr Motoren aus der E28-Serie von MAN\u00ae.<\/p>\n","protected":false},"featured_media":33961,"comment_status":"closed","ping_status":"closed","template":"","meta":{"_acf_changed":false},"product_brand":[],"product_cat":[402,407,564,634],"product_tag":[],"class_list":{"0":"post-34142","1":"product","2":"type-product","3":"status-publish","4":"has-post-thumbnail","6":"product_cat-alle-produkte","7":"product_cat-dichtungen","8":"product_cat-man-de","9":"product_cat-property6-de","11":"first","12":"outofstock","13":"taxable","14":"shipping-taxable","15":"purchasable","16":"product-type-simple"},"acf":[],"_links":{"self":[{"href":"https:\/\/www.powerup.at\/de\/wp-json\/wp\/v2\/product\/34142","targetHints":{"allow":["GET"]}}],"collection":[{"href":"https:\/\/www.powerup.at\/de\/wp-json\/wp\/v2\/product"}],"about":[{"href":"https:\/\/www.powerup.at\/de\/wp-json\/wp\/v2\/types\/product"}],"replies":[{"embeddable":true,"href":"https:\/\/www.powerup.at\/de\/wp-json\/wp\/v2\/comments?post=34142"}],"wp:featuredmedia":[{"embeddable":true,"href":"https:\/\/www.powerup.at\/de\/wp-json\/wp\/v2\/media\/33961"}],"wp:attachment":[{"href":"https:\/\/www.powerup.at\/de\/wp-json\/wp\/v2\/media?parent=34142"}],"wp:term":[{"taxonomy":"product_brand","embeddable":true,"href":"https:\/\/www.powerup.at\/de\/wp-json\/wp\/v2\/product_brand?post=34142"},{"taxonomy":"product_cat","embeddable":true,"href":"https:\/\/www.powerup.at\/de\/wp-json\/wp\/v2\/product_cat?post=34142"},{"taxonomy":"product_tag","embeddable":true,"href":"https:\/\/www.powerup.at\/de\/wp-json\/wp\/v2\/product_tag?post=34142"}],"curies":[{"name":"wp","href":"https:\/\/api.w.org\/{rel}","templated":true}]}}