{"id":34230,"date":"2025-11-10T09:20:15","date_gmt":"2025-11-10T09:20:15","guid":{"rendered":"https:\/\/www.powerup.at\/shop\/product\/spark-plug-pup-eve%c2%b3-4-pcs\/"},"modified":"2026-04-18T06:40:35","modified_gmt":"2026-04-18T06:40:35","slug":"spark-plug-pup-eve%c2%b3-4-pcs","status":"publish","type":"product","link":"https:\/\/www.powerup.at\/de\/shop\/produkt\/spark-plug-pup-eve%c2%b3-4-pcs\/","title":{"rendered":"Z\u00fcndkerze &#8211; PUP EVE\u00b3 4er Pkg."},"content":{"rendered":"","protected":false},"excerpt":{"rendered":"<p>SPUP Z\u00fcndkerze EVE\u00b3 gr\u00fcn 4er Pkg. passend f\u00fcr die Jenbacher BR3 mit EVE 4-Ventilk\u00f6pfe<\/p>\n","protected":false},"featured_media":36442,"comment_status":"closed","ping_status":"closed","template":"","meta":{"_acf_changed":false},"product_brand":[],"product_cat":[402,417,565,502],"product_tag":[],"class_list":{"0":"post-34230","1":"product","2":"type-product","3":"status-publish","4":"has-post-thumbnail","6":"product_cat-alle-produkte","7":"product_cat-jenbacher-de","8":"product_cat-property4-de","9":"product_cat-zuendkerzen-zuendsysteme","11":"first","12":"instock","13":"taxable","14":"shipping-taxable","15":"purchasable","16":"product-type-simple"},"acf":[],"_links":{"self":[{"href":"https:\/\/www.powerup.at\/de\/wp-json\/wp\/v2\/product\/34230","targetHints":{"allow":["GET"]}}],"collection":[{"href":"https:\/\/www.powerup.at\/de\/wp-json\/wp\/v2\/product"}],"about":[{"href":"https:\/\/www.powerup.at\/de\/wp-json\/wp\/v2\/types\/product"}],"replies":[{"embeddable":true,"href":"https:\/\/www.powerup.at\/de\/wp-json\/wp\/v2\/comments?post=34230"}],"wp:featuredmedia":[{"embeddable":true,"href":"https:\/\/www.powerup.at\/de\/wp-json\/wp\/v2\/media\/36442"}],"wp:attachment":[{"href":"https:\/\/www.powerup.at\/de\/wp-json\/wp\/v2\/media?parent=34230"}],"wp:term":[{"taxonomy":"product_brand","embeddable":true,"href":"https:\/\/www.powerup.at\/de\/wp-json\/wp\/v2\/product_brand?post=34230"},{"taxonomy":"product_cat","embeddable":true,"href":"https:\/\/www.powerup.at\/de\/wp-json\/wp\/v2\/product_cat?post=34230"},{"taxonomy":"product_tag","embeddable":true,"href":"https:\/\/www.powerup.at\/de\/wp-json\/wp\/v2\/product_tag?post=34230"}],"curies":[{"name":"wp","href":"https:\/\/api.w.org\/{rel}","templated":true}]}}