{"id":35064,"date":"2025-11-25T14:40:45","date_gmt":"2025-11-25T14:40:45","guid":{"rendered":"https:\/\/www.powerup.at\/shop\/product\/oil-filter-3\/"},"modified":"2026-04-14T15:48:40","modified_gmt":"2026-04-14T15:48:40","slug":"oil-filter-3","status":"publish","type":"product","link":"https:\/\/www.powerup.at\/de\/shop\/produkt\/oil-filter-3\/","title":{"rendered":"\u00d6lfilter"},"content":{"rendered":"","protected":false},"excerpt":{"rendered":"<p>\u00d6lfilter passend f\u00fcr Motoren aus der E28-Serie von MAN\u00ae.<\/p>\n","protected":false},"featured_media":35030,"comment_status":"closed","ping_status":"closed","template":"","meta":{"_acf_changed":false},"product_brand":[704],"product_cat":[402,408,564,586],"product_tag":[],"class_list":{"0":"post-35064","1":"product","2":"type-product","3":"status-publish","4":"has-post-thumbnail","6":"product_brand-man","7":"product_cat-alle-produkte","8":"product_cat-filter","9":"product_cat-man-de","10":"product_cat-property7-de","12":"first","13":"onbackorder","14":"taxable","15":"shipping-taxable","16":"purchasable","17":"product-type-simple"},"acf":[],"_links":{"self":[{"href":"https:\/\/www.powerup.at\/de\/wp-json\/wp\/v2\/product\/35064","targetHints":{"allow":["GET"]}}],"collection":[{"href":"https:\/\/www.powerup.at\/de\/wp-json\/wp\/v2\/product"}],"about":[{"href":"https:\/\/www.powerup.at\/de\/wp-json\/wp\/v2\/types\/product"}],"replies":[{"embeddable":true,"href":"https:\/\/www.powerup.at\/de\/wp-json\/wp\/v2\/comments?post=35064"}],"wp:featuredmedia":[{"embeddable":true,"href":"https:\/\/www.powerup.at\/de\/wp-json\/wp\/v2\/media\/35030"}],"wp:attachment":[{"href":"https:\/\/www.powerup.at\/de\/wp-json\/wp\/v2\/media?parent=35064"}],"wp:term":[{"taxonomy":"product_brand","embeddable":true,"href":"https:\/\/www.powerup.at\/de\/wp-json\/wp\/v2\/product_brand?post=35064"},{"taxonomy":"product_cat","embeddable":true,"href":"https:\/\/www.powerup.at\/de\/wp-json\/wp\/v2\/product_cat?post=35064"},{"taxonomy":"product_tag","embeddable":true,"href":"https:\/\/www.powerup.at\/de\/wp-json\/wp\/v2\/product_tag?post=35064"}],"curies":[{"name":"wp","href":"https:\/\/api.w.org\/{rel}","templated":true}]}}