{"id":35155,"date":"2025-11-25T14:43:19","date_gmt":"2025-11-25T14:43:19","guid":{"rendered":"https:\/\/www.powerup.at\/shop\/product\/clamping-cone\/"},"modified":"2026-05-10T05:01:04","modified_gmt":"2026-05-10T05:01:04","slug":"clamping-cone","status":"publish","type":"product","link":"https:\/\/www.powerup.at\/de\/shop\/produkt\/clamping-cone\/","title":{"rendered":"Ventilkonus f\u00fcr Auslassventil"},"content":{"rendered":"","protected":false},"excerpt":{"rendered":"<p>Ventilkonus passend f\u00fcr Auslassventil passend f\u00fcr das 2020 Aggregat von MWM\u00ae.<\/p>\n","protected":false},"featured_media":34961,"comment_status":"closed","ping_status":"closed","template":"","meta":{"_acf_changed":false},"product_brand":[706],"product_cat":[402,418,670,510],"product_tag":[],"class_list":{"0":"post-35155","1":"product","2":"type-product","3":"status-publish","4":"has-post-thumbnail","6":"product_brand-mwm","7":"product_cat-alle-produkte","8":"product_cat-mwm-de","9":"product_cat-property2-de","10":"product_cat-zylinderkopf","12":"first","13":"instock","14":"taxable","15":"shipping-taxable","16":"purchasable","17":"product-type-simple"},"acf":[],"_links":{"self":[{"href":"https:\/\/www.powerup.at\/de\/wp-json\/wp\/v2\/product\/35155","targetHints":{"allow":["GET"]}}],"collection":[{"href":"https:\/\/www.powerup.at\/de\/wp-json\/wp\/v2\/product"}],"about":[{"href":"https:\/\/www.powerup.at\/de\/wp-json\/wp\/v2\/types\/product"}],"replies":[{"embeddable":true,"href":"https:\/\/www.powerup.at\/de\/wp-json\/wp\/v2\/comments?post=35155"}],"wp:featuredmedia":[{"embeddable":true,"href":"https:\/\/www.powerup.at\/de\/wp-json\/wp\/v2\/media\/34961"}],"wp:attachment":[{"href":"https:\/\/www.powerup.at\/de\/wp-json\/wp\/v2\/media?parent=35155"}],"wp:term":[{"taxonomy":"product_brand","embeddable":true,"href":"https:\/\/www.powerup.at\/de\/wp-json\/wp\/v2\/product_brand?post=35155"},{"taxonomy":"product_cat","embeddable":true,"href":"https:\/\/www.powerup.at\/de\/wp-json\/wp\/v2\/product_cat?post=35155"},{"taxonomy":"product_tag","embeddable":true,"href":"https:\/\/www.powerup.at\/de\/wp-json\/wp\/v2\/product_tag?post=35155"}],"curies":[{"name":"wp","href":"https:\/\/api.w.org\/{rel}","templated":true}]}}