{"id":5990,"date":"2023-10-23T13:12:05","date_gmt":"2023-10-23T13:12:05","guid":{"rendered":"https:\/\/www.powerup.at\/seminario-en-linea\/"},"modified":"2026-01-26T08:29:36","modified_gmt":"2026-01-26T08:29:36","slug":"seminario-en-linea","status":"publish","type":"page","link":"https:\/\/www.powerup.at\/es\/seminario-en-linea\/","title":{"rendered":"Seminario en l\u00ednea"},"content":{"rendered":"\n<!-- ilj_no_linking -->\n<div class=\"klx_hero\" data-layout=\"default\" style=\"--duration: 4600ms;\" data-config='{\"speed\":1000,\"transition\":3500,\"useSwiper\":false}'>\n\n            <div class=\"content\">\n            <div class=\"inner\">\n\n                                                        <p class=\"headline\">Seminario en l\u00ednea<\/p>\n                \n                \n                \n                                    <div class=\"wp-block-buttons\">\n                                                    <div class=\"wp-block-button \">\n                                <a class=\"wp-block-button__link\" href=\"#\">Contact us<\/a>\n                            <\/div>\n                                            <\/div>\n                \n                \n            <\/div>\n        <\/div>\n    \n    <div id=\"el-69dcb9177a76a\" class=\"slider swiper-container\">\n        <div class=\"swiper-wrapper\">\n                            <div class=\"swiper-slide\">\n\n                    \n                    <div class=\"background\">\n                        \n                                                    <img fetchpriority=\"high\" decoding=\"async\" width=\"2560\" height=\"1920\" src=\"https:\/\/www.powerup.at\/app\/uploads\/2023\/10\/worldwide-scaled.webp\" class=\"image_container default\" alt=\"Worldwide\" loading=\"eager\" srcset=\"https:\/\/www.powerup.at\/app\/uploads\/2023\/10\/worldwide-scaled.webp 2560w, https:\/\/www.powerup.at\/app\/uploads\/2023\/10\/worldwide-scaled-300x225.webp 300w, https:\/\/www.powerup.at\/app\/uploads\/2023\/10\/worldwide-scaled-1024x768.webp 1024w, https:\/\/www.powerup.at\/app\/uploads\/2023\/10\/worldwide-scaled-768x576.webp 768w, https:\/\/www.powerup.at\/app\/uploads\/2023\/10\/worldwide-scaled-1536x1152.webp 1536w, https:\/\/www.powerup.at\/app\/uploads\/2023\/10\/worldwide-scaled-2048x1536.webp 2048w, https:\/\/www.powerup.at\/app\/uploads\/2023\/10\/worldwide-scaled-1920x1440.webp 1920w, https:\/\/www.powerup.at\/app\/uploads\/2023\/10\/worldwide-scaled-240x180.webp 240w, https:\/\/www.powerup.at\/app\/uploads\/2023\/10\/worldwide-scaled-919x689.webp 919w, https:\/\/www.powerup.at\/app\/uploads\/2023\/10\/worldwide-scaled-465x349.webp 465w, https:\/\/www.powerup.at\/app\/uploads\/2023\/10\/worldwide-scaled-640x480.webp 640w, https:\/\/www.powerup.at\/app\/uploads\/2023\/10\/worldwide-scaled-936x702.webp 936w, https:\/\/www.powerup.at\/app\/uploads\/2023\/10\/worldwide-scaled-51x38.webp 51w, https:\/\/www.powerup.at\/app\/uploads\/2023\/10\/worldwide-scaled-679x509.webp 679w, https:\/\/www.powerup.at\/app\/uploads\/2023\/10\/worldwide-scaled-254x191.webp 254w, https:\/\/www.powerup.at\/app\/uploads\/2023\/10\/worldwide-scaled-564x423.webp 564w, https:\/\/www.powerup.at\/app\/uploads\/2023\/10\/worldwide-scaled-360x270.webp 360w, https:\/\/www.powerup.at\/app\/uploads\/2023\/10\/worldwide-scaled-600x450.webp 600w\" sizes=\"(max-width: 2560px) 100vw, 2560px\" \/>                                            <\/div>\n                <\/div>\n                    <\/div>\n    <\/div>\n\n    \n    \n    <div id=\"el-69dcb9177a76a_pagination\" class=\"swiper-pagination\"><\/div>\n\n<\/div>\n<!-- \/ilj_no_linking -->\n<div class=\"wp-block-columns is-layout-flex wp-container-core-columns-is-layout-28f84493 wp-block-columns-is-layout-flex\">\n<div class=\"wp-block-column is-layout-flow wp-block-column-is-layout-flow\">\n<h1 class=\"hx wp-block-heading\">Seminario en l\u00ednea<\/h1>\n\n\n\n<p>Aqu\u00ed encontrar\u00e1 una serie de webinars informativos sobre nuestros productos o nuestra operaci\u00f3n. Despu\u00e9s de registrarse, recibir\u00e1 la contrase\u00f1a correcta para el webinar deseado. Esperamos contar con su participaci\u00f3n.<\/p>\n\n\n\n<p>Esperamos con ansias su participaci\u00f3n.<\/p>\n<\/div>\n\n\n\n<div class=\"wp-block-column is-layout-flow wp-block-column-is-layout-flow\"><\/div>\n<\/div>\n\r\n<div class=\"klx_decor-contact\">\r\n\r\n        <div class=\"decor\" id=\"contact\">\r\n        <svg width=\"16\" height=\"35\" viewBox=\"0 0 16 35\" fill=\"none\" xmlns=\"http:\/\/www.w3.org\/2000\/svg\">\r\n    <path d=\"M8 14.5882L16 10.3529L16 0L4.6375e-06 9.41176L6.85907e-06 34.8235L8 29.6471L8 14.5882Z\" fill=\"currentColor\"><\/path>\r\n<\/svg>\r\n        Contact    <\/div>\r\n    \r\n    <div class=\"content\">\r\n                                <h2 class=\"headline\">Cont\u00e1ctenos<\/h2>\r\n        \r\n                    <p>Por favor, complete el formulario para contactar al equipo de expertos de PowerUP.<br \/>\nTambi\u00e9n estaremos encantados de responder a sus preguntas por tel\u00e9fono o correo electr\u00f3nico.<\/p>\n        \r\n                    <div class=\"wp-block-buttons\">\r\n                <div class=\"wp-block-button\"><a class=\"wp-block-button__link\" href=\"https:\/\/www.powerup.at\/sales-appointment\/\" title=\"Programar una cita\">Programar una cita<svg width=\"24\" height=\"24\" viewBox=\"0 0 24 24\" fill=\"none\" xmlns=\"http:\/\/www.w3.org\/2000\/svg\">\r\n    <path d=\"M8.77473 7.22528L16.7595 7.38824L16.9225 15.373\" stroke=\"currentColor\"><\/path>\r\n    <path d=\"M17.0243 7.22529L7.12478 17.1248\" stroke=\"currentColor\"><\/path>\r\n<\/svg>\r\n<\/a><\/div>            <\/div>\r\n        \r\n                    <div class=\"desktop-only\">\n<strong>PowerUP GmbH<\/strong><br \/>\nSportplatzweg 2<br \/>\n6135 Stans, Tirol<br \/>\nAustria<br \/>\nUID: ATU71231268\n<p>Phone: <a href=\"tel:+43524264666\">+43 5242 64 666<\/a><br \/>\nE-Mail: <a href=\"mailto:office@powerup.at\">office@powerup.at<\/a>\n<\/p><\/div>\n<p><img decoding=\"async\" style=\"display: inline-block; width: 138px; margin-right: 20px; vertical-align: middle;\" src=\"https:\/\/www.powerup.at\/app\/uploads\/2023\/10\/iso-zertifikat-300x118.png\" alt=\"\" width=\"300\" height=\"118\" \/><img decoding=\"async\" style=\"display: inline-block; width: 70px; margin-right: 10px; vertical-align: middle;\" src=\"https:\/\/www.powerup.at\/app\/uploads\/2023\/10\/iqnet-zertifikat-300x300.png\" alt=\"\" width=\"300\" height=\"300\" \/><\/p>\n            <\/div>\r\n\r\n    <div class=\"form\">\r\n                    <div class=\"wpforms-container wpforms-render-modern\" id=\"wpforms-212\"><form id=\"wpforms-form-212\" class=\"wpforms-validate wpforms-form wpforms-ajax-form\" data-formid=\"212\" method=\"post\" enctype=\"multipart\/form-data\" action=\"\/es\/wp-json\/wp\/v2\/pages\/5990\" data-token=\"21a91b45c5a091f2d618530e08cdf451\" data-token-time=\"1776072983\"><noscript class=\"wpforms-error-noscript\">Por favor, activa JavaScript en tu navegador para completar este formulario.<\/noscript><div id=\"wpforms-error-noscript\" style=\"display: none;\">Por favor, activa JavaScript en tu navegador para completar este formulario.<\/div><div class=\"wpforms-field-container\">\t\t<div id=\"wpforms-212-field_3-container\"\n\t\t\tclass=\"wpforms-field wpforms-field-text\"\n\t\t\tdata-field-type=\"text\"\n\t\t\tdata-field-id=\"3\">\n\t\t\t<label class=\"wpforms-field-label\" for=\"wpforms-212-field_3\">Company E-Mail Message<\/label>\n\t\t\t<input type=\"text\" id=\"wpforms-212-field_3\" class=\"wpforms-field-medium\" name=\"wpforms[fields][3]\"\/>\n\t\t<\/div>\n\t\t<div id=\"wpforms-212-field_1-container\" class=\"wpforms-field wpforms-field-text\" data-field-id=\"1\"><label class=\"wpforms-field-label wpforms-label-hide\" for=\"wpforms-212-field_1\" aria-hidden=\"false\">First and Last Name <span class=\"wpforms-required-label\" aria-hidden=\"true\">*<\/span><\/label><input type=\"text\" id=\"wpforms-212-field_1\" class=\"wpforms-field-medium wpforms-field-required\" name=\"wpforms[fields][1]\" placeholder=\"Name*\" aria-errormessage=\"wpforms-212-field_1-error\" required\/><\/div><div id=\"wpforms-212-field_8-container\" class=\"wpforms-field wpforms-field-email\" data-field-id=\"8\"><label class=\"wpforms-field-label wpforms-label-hide\" for=\"wpforms-212-field_8\" aria-hidden=\"false\">E-Mail Address <span class=\"wpforms-required-label\" aria-hidden=\"true\">*<\/span><\/label><input type=\"email\" id=\"wpforms-212-field_8\" class=\"wpforms-field-medium wpforms-field-required\" name=\"wpforms[fields][8]\" placeholder=\"E-Mail*\" spellcheck=\"false\" aria-errormessage=\"wpforms-212-field_8-error\" required\/><\/div><div id=\"wpforms-212-field_2-container\" class=\"wpforms-field wpforms-field-text\" data-field-id=\"2\"><label class=\"wpforms-field-label wpforms-label-hide\" for=\"wpforms-212-field_2\" aria-hidden=\"false\">Company <span class=\"wpforms-required-label\" aria-hidden=\"true\">*<\/span><\/label><input type=\"text\" id=\"wpforms-212-field_2\" class=\"wpforms-field-medium wpforms-field-required\" name=\"wpforms[fields][2]\" placeholder=\"Organization \/ Company*\" aria-errormessage=\"wpforms-212-field_2-error\" required\/><\/div><div id=\"wpforms-212-field_6-container\" class=\"wpforms-field wpforms-field-textarea\" data-field-id=\"6\"><label class=\"wpforms-field-label wpforms-label-hide\" for=\"wpforms-212-field_6\" aria-hidden=\"false\">Message<\/label><textarea id=\"wpforms-212-field_6\" class=\"wpforms-field-medium\" name=\"wpforms[fields][6]\" placeholder=\"Message\" aria-errormessage=\"wpforms-212-field_6-error\"><\/textarea><\/div><div id=\"wpforms-212-field_7-container\" class=\"wpforms-field wpforms-field-checkbox\" data-field-id=\"7\"><fieldset><legend class=\"wpforms-field-label wpforms-label-hide\" aria-hidden=\"false\">Data protection <span class=\"wpforms-required-label\" aria-hidden=\"true\">*<\/span><\/legend><ul id=\"wpforms-212-field_7\" class=\"wpforms-field-required\"><li class=\"choice-1 depth-1\"><input type=\"checkbox\" id=\"wpforms-212-field_7_1\" name=\"wpforms[fields][7][]\" value=\"I agree to the data protection of PowerUP GmbH.\" aria-errormessage=\"wpforms-212-field_7_1-error\" required\/><label class=\"wpforms-field-label-inline\" for=\"wpforms-212-field_7_1\">I agree to the data protection of PowerUP GmbH.<\/label><\/li><\/ul><\/fieldset><\/div><script>\n\t\t\t\t( function() {\n\t\t\t\t\tconst style = document.createElement( 'style' );\n\t\t\t\t\tstyle.appendChild( document.createTextNode( '#wpforms-212-field_3-container { position: absolute !important; overflow: hidden !important; display: inline !important; height: 1px !important; width: 1px !important; z-index: -1000 !important; padding: 0 !important; } #wpforms-212-field_3-container input { visibility: hidden; } #wpforms-conversational-form-page #wpforms-212-field_3-container label { counter-increment: none; }' ) );\n\t\t\t\t\tdocument.head.appendChild( style );\n\t\t\t\t\tdocument.currentScript?.remove();\n\t\t\t\t} )();\n\t\t\t<\/script><\/div><!-- .wpforms-field-container --><div class=\"wpforms-recaptcha-container wpforms-is-recaptcha wpforms-is-recaptcha-type-v3\"><input type=\"hidden\" name=\"wpforms[recaptcha]\" value=\"\"\/><\/div><div class=\"wpforms-submit-container\"><input type=\"hidden\" name=\"wpforms[id]\" value=\"212\"\/><input type=\"hidden\" name=\"page_title\" value=\"\"\/><input type=\"hidden\" name=\"page_url\" value=\"https:\/\/www.powerup.at\/es\/wp-json\/wp\/v2\/pages\/5990\"\/><input type=\"hidden\" name=\"url_referer\" value=\"\"\/><button type=\"submit\" name=\"wpforms[submit]\" id=\"wpforms-submit-212\" class=\"wpforms-submit\" data-alt-text=\"Sending...\" data-submit-text=\"Enviar solicitud\" aria-live=\"assertive\" value=\"wpforms-submit\">Enviar solicitud<\/button><img decoding=\"async\" src=\"https:\/\/www.powerup.at\/app\/plugins\/wpforms\/assets\/images\/submit-spin.svg\" class=\"wpforms-submit-spinner\" style=\"display: none;\" width=\"26\" height=\"26\" alt=\"Cargando\"\/><div data-id=\"wpforms-212\" style=\"display:none\"><svg width=\"24\" height=\"24\" viewBox=\"0 0 24 24\" fill=\"none\" xmlns=\"http:\/\/www.w3.org\/2000\/svg\">\r\n    <path d=\"M8.77473 7.22528L16.7595 7.38824L16.9225 15.373\" stroke=\"currentColor\"><\/path>\r\n    <path d=\"M17.0243 7.22529L7.12478 17.1248\" stroke=\"currentColor\"><\/path>\r\n<\/svg>\r\n<\/div>\n    <script>\n        var form = document.getElementById(\"wpforms-212\");\n        var submitButton = form.querySelector(\"button[type='submit']\");\n        if (submitButton) {\n            var svg = submitButton.parentElement.querySelector(\"svg\");\n            if (svg) {                \n                submitButton.appendChild(svg);\n                svg.style.display = \"block\";\n            }\n        }\n    <\/script>\n    <\/div><\/form><\/div>  <!-- .wpforms-container -->            <\/div>\r\n\r\n<\/div>\n\n","protected":false},"excerpt":{"rendered":"<p>Seminario en l\u00ednea Aqu\u00ed encontrar\u00e1 una serie de webinars informativos sobre nuestros productos o nuestra operaci\u00f3n. Despu\u00e9s de registrarse, recibir\u00e1 la contrase\u00f1a correcta para el webinar deseado. Esperamos contar con su participaci\u00f3n. Esperamos con ansias su participaci\u00f3n.<\/p>\n","protected":false},"author":1,"featured_media":0,"parent":0,"menu_order":222,"comment_status":"closed","ping_status":"closed","template":"","meta":{"_acf_changed":false,"footnotes":""},"class_list":["post-5990","page","type-page","status-publish","hentry"],"acf":[],"_links":{"self":[{"href":"https:\/\/www.powerup.at\/es\/wp-json\/wp\/v2\/pages\/5990","targetHints":{"allow":["GET"]}}],"collection":[{"href":"https:\/\/www.powerup.at\/es\/wp-json\/wp\/v2\/pages"}],"about":[{"href":"https:\/\/www.powerup.at\/es\/wp-json\/wp\/v2\/types\/page"}],"author":[{"embeddable":true,"href":"https:\/\/www.powerup.at\/es\/wp-json\/wp\/v2\/users\/1"}],"replies":[{"embeddable":true,"href":"https:\/\/www.powerup.at\/es\/wp-json\/wp\/v2\/comments?post=5990"}],"version-history":[{"count":1,"href":"https:\/\/www.powerup.at\/es\/wp-json\/wp\/v2\/pages\/5990\/revisions"}],"predecessor-version":[{"id":45891,"href":"https:\/\/www.powerup.at\/es\/wp-json\/wp\/v2\/pages\/5990\/revisions\/45891"}],"wp:attachment":[{"href":"https:\/\/www.powerup.at\/es\/wp-json\/wp\/v2\/media?parent=5990"}],"curies":[{"name":"wp","href":"https:\/\/api.w.org\/{rel}","templated":true}]}}