{"id":6005,"date":"2023-10-23T12:32:46","date_gmt":"2023-10-23T12:32:46","guid":{"rendered":"https:\/\/www.powerup.at\/carreras-profesionales\/"},"modified":"2024-11-06T07:40:50","modified_gmt":"2024-11-06T07:40:50","slug":"carreras-profesionales","status":"publish","type":"page","link":"https:\/\/www.powerup.at\/es\/carreras-profesionales\/","title":{"rendered":"Carreras profesionales"},"content":{"rendered":"\r\n<div class=\"klx_decor-headline-text\">\r\n    \r\n    <div class=\"content\">\r\n                                <h1 class=\"headline\">Carreras profesionales<\/h1>\r\n        \r\n                    <p>Nuestros empleados comprometidos y una cultura corporativa basada en la confianza mutua y el respeto siempre han sido un principio esencial de nuestro \u00e9xito.<\/p>\n<p>Siempre estamos en busca de personas orientadas al futuro que les guste pensar fuera de lo convencional y deseen desarrollar todo su potencial. Para ello, ofrecemos estructuras jer\u00e1rquicas planas y un entorno de trabajo altamente innovador y din\u00e1mico con equipos interdisciplinarios.<\/p>\n            <\/div>\r\n\r\n        <div class=\"button\">\r\n        <div class=\"wp-block-buttons\">\r\n            <div class=\"wp-block-button\"><a class=\"wp-block-button__link\" href=\"#contacto\" title=\"Aplicar ahora\">Aplicar ahora<svg width=\"24\" height=\"24\" viewBox=\"0 0 24 24\" fill=\"none\" xmlns=\"http:\/\/www.w3.org\/2000\/svg\">\r\n    <path d=\"M8.77473 7.22528L16.7595 7.38824L16.9225 15.373\" stroke=\"currentColor\"><\/path>\r\n    <path d=\"M17.0243 7.22529L7.12478 17.1248\" stroke=\"currentColor\"><\/path>\r\n<\/svg>\r\n<\/a><\/div>        <\/div>\r\n    <\/div>\r\n    \r\n<\/div>\n\n<div class='jobs'><div class=\"job-entry\">\n    <h3>Servicetechniker (m\/w\/d)<\/h3>\n    <div class=\"inside\">\n        <div class=\"content\">\n            <!-- wp:paragraph -->\n<p><strong>Ihre Hauptaufgaben:<\/strong><\/p>\n<!-- \/wp:paragraph -->\n\n<!-- wp:list -->\n<ul class=\"wp-block-list\"><!-- wp:list-item -->\n<li>Inbetriebnahme\/Optimierung von Alt- und Neuanlagen<\/li>\n<!-- \/wp:list-item -->\n\n<!-- wp:list-item -->\n<li>Mechanische Umbauarbeiten und Regelwartungen<\/li>\n<!-- \/wp:list-item -->\n\n<!-- wp:list-item -->\n<li>Upgrade von bestehenden Gasmotoren auf das neue Motorregelsystem EDI<\/li>\n<!-- \/wp:list-item -->\n\n<!-- wp:list-item -->\n<li>Elektrische Umbauarbeiten an den bestehenden Schaltschr\u00e4nken der Motoren<\/li>\n<!-- \/wp:list-item -->\n\n<!-- wp:list-item -->\n<li>Elektrische bzw. mechanische Umbauarbeiten von Aggregaten<\/li>\n<!-- \/wp:list-item -->\n\n<!-- wp:list-item -->\n<li>Mitarbeit bei der Entwicklung und Optimierung des neuen Motorregelsystems<\/li>\n<!-- \/wp:list-item --><\/ul>\n<!-- \/wp:list -->\n\n<!-- wp:paragraph -->\n<p><strong>Ihre Ausbildung\/Voraussetzungen:<\/strong><\/p>\n<!-- \/wp:paragraph -->\n\n<!-- wp:list -->\n<ul class=\"wp-block-list\"><!-- wp:list-item -->\n<li>Elektrotechnische und\/oder mechanische Ausbildung (HTL, Lehre)<\/li>\n<!-- \/wp:list-item -->\n\n<!-- wp:list-item -->\n<li>Selbst\u00e4ndige und kundenorientierte Arbeitsweise<\/li>\n<!-- \/wp:list-item -->\n\n<!-- wp:list-item -->\n<li>Zuverl\u00e4ssigkeit und Flexibilit\u00e4t<\/li>\n<!-- \/wp:list-item -->\n\n<!-- wp:list-item -->\n<li>Bereitschaft f\u00fcr mehrw\u00f6chige Aufenthalte im In- und Ausland<\/li>\n<!-- \/wp:list-item -->\n\n<!-- wp:list-item -->\n<li>Gute Deutsch- und Englischkenntnisse<\/li>\n<!-- \/wp:list-item -->\n\n<!-- wp:list-item -->\n<li>SPS Kenntnisse<\/li>\n<!-- \/wp:list-item -->\n\n<!-- wp:list-item -->\n<li>Abgeschlossener Pr\u00e4senzdienst<\/li>\n<!-- \/wp:list-item -->\n\n<!-- wp:list-item -->\n<li>F\u00fchrerschein Klasse B<\/li>\n<!-- \/wp:list-item --><\/ul>\n<!-- \/wp:list -->\n\n<!-- wp:paragraph -->\n<p><strong>Was wir Ihnen bieten:<\/strong><\/p>\n<!-- \/wp:paragraph -->\n\n<!-- wp:list -->\n<ul class=\"wp-block-list\"><!-- wp:list-item -->\n<li>Eine T\u00e4tigkeit mit Abwechslung und Eigenverantwortung<\/li>\n<!-- \/wp:list-item -->\n\n<!-- wp:list-item -->\n<li>Junges und dynamisches Team<\/li>\n<!-- \/wp:list-item -->\n\n<!-- wp:list-item -->\n<li>Jobrad<\/li>\n<!-- \/wp:list-item -->\n\n<!-- wp:list-item -->\n<li>Kaffee und Obst am Standort Stans\/\u00d6sterreich<\/li>\n<!-- \/wp:list-item --><\/ul>\n<!-- \/wp:list -->\n\n<!-- wp:paragraph -->\n<p>Sie m\u00f6chten mit Ihrer Begeisterung zu unserem Erfolg beitragen?<\/p>\n<!-- \/wp:paragraph -->\n\n<!-- wp:paragraph -->\n<p><strong>Dann freuen wir uns auf Ihre Bewerbung auf <\/strong><a href=\"mailto:personal@powerup.at\">personal@powerup.at<\/a><strong>!<br \/><\/strong>Das Grundgehalt f\u00fcr diese Position setzt sich aus dem vorgeschriebenen Mindestgehalt und aus einer \u00dcberzahlung in Abh\u00e4ngigkeit von Ihrer Qualifikation und Erfahrung zusammen.<\/p>\n<!-- \/wp:paragraph -->\n\n<!-- wp:paragraph -->\n\n<!-- \/wp:paragraph -->        <\/div>\n        <div class=\"sidebar\">\n                        <p><b>Empleo:<\/b><br \/>Full-time<\/p>                        <p><b>\u00bfEst\u00e1 interesado?<\/b><\/p>\n                        <div class=\"buttons\">\n                <div class=\"wp-block-buttons master\">\n                    <div class=\"wp-block-button\">\n                        <a class=\"wp-block-button__link\" href=\"#contacto\">\u00a1Solicite un trabajo ahora!<svg width=\"24\" height=\"24\" viewBox=\"0 0 24 24\" fill=\"none\" xmlns=\"http:\/\/www.w3.org\/2000\/svg\"><path d=\"M8.77473 7.22528L16.7595 7.38824L16.9225 15.373\" stroke=\"currentColor\"><\/path><path d=\"M17.0243 7.22529L7.12478 17.1248\" stroke=\"currentColor\"><\/path><\/svg><\/a>\n                    <\/div>\n                <\/div>\n            <\/div>\n            <div class=\"social-share\">\n                <p><b>Compartir este trabajo<\/b><\/p>\n                <div class=\"share-wrapper\">\n                    <a href=\"https:\/\/www.linkedin.com\/shareArticle?url=http:\/\/www.powerup.at\/es\/wp-json\/wp\/v2\/pages\/6005&title=Servicetechniker (m\/w\/d)\" target=\"_blank\" title=\"Compartir en LinkedIn\"><img decoding=\"async\" src=\"https:\/\/www.powerup.at\/app\/themes\/powerup\/assets\/svg\/social-linkedin.svg\" alt=\"Compartir en LinkedIn\" width=\"50\" height=\"50\" \/><\/a><a href=\"https:\/\/www.facebook.com\/sharer\/sharer.php?u=http:\/\/www.powerup.at\/es\/wp-json\/wp\/v2\/pages\/6005\" target=\"_blank\" title=\"Compartir en Facebook\"><img decoding=\"async\" src=\"https:\/\/www.powerup.at\/app\/themes\/powerup\/assets\/svg\/social-facebook.svg\" alt=\"Compartir en Facebook\" width=\"50\" height=\"50\" \/><\/a><a href=\"https:\/\/api.whatsapp.com\/send?text=Check out this Job\" target=\"_blank\" title=\"Compartir en WhatsApp\"><img decoding=\"async\" src=\"https:\/\/www.powerup.at\/app\/themes\/powerup\/assets\/svg\/social-whatsapp.svg\" alt=\"Compartir en WhatsApp\" width=\"50\" height=\"50\" \/><\/a><a href=\"mailto:?body=Check out this Job&subject=Servicetechniker (m\/w\/d)\" target=\"_blank\" title=\"Compartir por correo electr\u00f3nico\"><img decoding=\"async\" src=\"https:\/\/www.powerup.at\/app\/themes\/powerup\/assets\/svg\/social-mailto.svg\" alt=\"Compartir por correo electr\u00f3nico\" width=\"50\" height=\"50\" \/><\/a>                <\/div>\n            <\/div>\n        <\/div>\n    <\/div>\n<\/div><div class=\"job-entry\">\n    <h3>Motormechaniker (m\/w\/d)<\/h3>\n    <div class=\"inside\">\n        <div class=\"content\">\n            <!-- wp:paragraph -->\n<p><strong>Bock auf Motoren?<\/strong> <strong>Werde unser neuer Motormechaniker (m\/w\/d)!<\/strong><\/p>\n<!-- \/wp:paragraph -->\n\n<!-- wp:paragraph -->\n<p><strong>Was du bei uns machst:<\/strong><\/p>\n<!-- \/wp:paragraph -->\n\n<!-- wp:list -->\n<ul class=\"wp-block-list\"><!-- wp:list-item -->\n<li>Du zerlegst, diagnostizierst, reparierst und baust Verbrennungsmotoren wieder zusammen \u2013 du bist der Held unserer Motoren!<\/li>\n<!-- \/wp:list-item -->\n\n<!-- wp:list-item -->\n<li>Aus alt wird neu \u2013 mittels modernster Verfahren reparierst bereitest gebrauchte Motorkomponenten neu auf, somit schenkst du ihnen zweites Leben!<\/li>\n<!-- \/wp:list-item -->\n\n<!-- wp:list-item -->\n<li>Du analysierst bestehende Komponenten, entdeckst Verbesserungsm\u00f6glichkeiten und entwickelst innovative L\u00f6sungen, um die Effizienz zu steigern.<\/li>\n<!-- \/wp:list-item --><\/ul>\n<!-- \/wp:list -->\n\n<!-- wp:paragraph -->\n<p><strong>Das bringst du mit:<\/strong><\/p>\n<!-- \/wp:paragraph -->\n\n<!-- wp:list -->\n<ul class=\"wp-block-list\"><!-- wp:list-item -->\n<li>Eine abgeschlossene Ausbildung (Lehre\/HTL) und du hast den Pr\u00e4senzdienst abgehakt.<\/li>\n<!-- \/wp:list-item -->\n\n<!-- wp:list-item -->\n<li>Motoren? Kennst du in- und auswendig!<\/li>\n<!-- \/wp:list-item -->\n\n<!-- wp:list-item -->\n<li>Stapler- oder Kranschein? Super, wenn du die hast!<\/li>\n<!-- \/wp:list-item -->\n\n<!-- wp:list-item -->\n<li>Du arbeitest gerne eigenst\u00e4ndig und packst die Dinge proaktiv an.<\/li>\n<!-- \/wp:list-item -->\n\n<!-- wp:list-item -->\n<li>Teamplayer, zuverl\u00e4ssig und flexibel \u2013 das bist du!<\/li>\n<!-- \/wp:list-item -->\n\n<!-- wp:list-item -->\n<li>Mechanik, Hydraulik und Pneumatik sind deine Spielwiesen.<\/li>\n<!-- \/wp:list-item --><\/ul>\n<!-- \/wp:list -->\n\n<!-- wp:paragraph -->\n<p><strong>Was wir dir bieten:<\/strong><\/p>\n<!-- \/wp:paragraph -->\n\n<!-- wp:list -->\n<ul class=\"wp-block-list\"><!-- wp:list-item -->\n<li>Abwechslung pur in einem Unternehmen, das richtig Gas gibt.<\/li>\n<!-- \/wp:list-item -->\n\n<!-- wp:list-item -->\n<li>38,5 Stunden pro Woche \u2013 genug Zeit, um auch mal abzuschalten.<\/li>\n<!-- \/wp:list-item -->\n\n<!-- wp:list-item -->\n<li>Faire Bezahlung lt. KV Metallgewerbe, mit der Option auf mehr, wenn du uns beeindruckst.<\/li>\n<!-- \/wp:list-item -->\n\n<!-- wp:list-item -->\n<li>Ein Jobrad f\u00fcr deine Fitness und Umwelt.<\/li>\n<!-- \/wp:list-item -->\n\n<!-- wp:list-item -->\n<li>Kostenlose Kaffee- und Obstpausen \u2013 damit du immer Energie hast.<\/li>\n<!-- \/wp:list-item --><\/ul>\n<!-- \/wp:list -->\n\n<!-- wp:paragraph -->\n<p>Klingt nach deinem Ding? Dann nichts wie los \u2013 <strong>wir freuen uns auf deine Bewerbung an<\/strong> <a href=\"mailto:personal@powerup.at\" target=\"_blank\" rel=\"noopener\" title=\"Bewerbung Motormechaniker (m\/w\/d)\">personal@powerup.at<\/a>!<\/p>\n<!-- \/wp:paragraph -->\n\n<!-- wp:paragraph -->\n<p><strong><br \/><\/strong><\/p>\n<!-- \/wp:paragraph -->        <\/div>\n        <div class=\"sidebar\">\n                                                <p><b>\u00bfEst\u00e1 interesado?<\/b><\/p>\n                        <div class=\"buttons\">\n                <div class=\"wp-block-buttons master\">\n                    <div class=\"wp-block-button\">\n                        <a class=\"wp-block-button__link\" href=\"#contacto\">\u00a1Solicite un trabajo ahora!<svg width=\"24\" height=\"24\" viewBox=\"0 0 24 24\" fill=\"none\" xmlns=\"http:\/\/www.w3.org\/2000\/svg\"><path d=\"M8.77473 7.22528L16.7595 7.38824L16.9225 15.373\" stroke=\"currentColor\"><\/path><path d=\"M17.0243 7.22529L7.12478 17.1248\" stroke=\"currentColor\"><\/path><\/svg><\/a>\n                    <\/div>\n                <\/div>\n            <\/div>\n            <div class=\"social-share\">\n                <p><b>Compartir este trabajo<\/b><\/p>\n                <div class=\"share-wrapper\">\n                    <a href=\"https:\/\/www.linkedin.com\/shareArticle?url=http:\/\/www.powerup.at\/es\/wp-json\/wp\/v2\/pages\/6005&title=Motormechaniker (m\/w\/d)\" target=\"_blank\" title=\"Compartir en LinkedIn\"><img decoding=\"async\" src=\"https:\/\/www.powerup.at\/app\/themes\/powerup\/assets\/svg\/social-linkedin.svg\" alt=\"Compartir en LinkedIn\" width=\"50\" height=\"50\" \/><\/a><a href=\"https:\/\/www.facebook.com\/sharer\/sharer.php?u=http:\/\/www.powerup.at\/es\/wp-json\/wp\/v2\/pages\/6005\" target=\"_blank\" title=\"Compartir en Facebook\"><img decoding=\"async\" src=\"https:\/\/www.powerup.at\/app\/themes\/powerup\/assets\/svg\/social-facebook.svg\" alt=\"Compartir en Facebook\" width=\"50\" height=\"50\" \/><\/a><a href=\"https:\/\/api.whatsapp.com\/send?text=Check out this Job\" target=\"_blank\" title=\"Compartir en WhatsApp\"><img decoding=\"async\" src=\"https:\/\/www.powerup.at\/app\/themes\/powerup\/assets\/svg\/social-whatsapp.svg\" alt=\"Compartir en WhatsApp\" width=\"50\" height=\"50\" \/><\/a><a href=\"mailto:?body=Check out this Job&subject=Motormechaniker (m\/w\/d)\" target=\"_blank\" title=\"Compartir por correo electr\u00f3nico\"><img decoding=\"async\" src=\"https:\/\/www.powerup.at\/app\/themes\/powerup\/assets\/svg\/social-mailto.svg\" alt=\"Compartir por correo electr\u00f3nico\" width=\"50\" height=\"50\" \/><\/a>                <\/div>\n            <\/div>\n        <\/div>\n    <\/div>\n<\/div><\/div>\n\n\n\r\n<div class=\"klx_decor-contact\">\r\n\r\n        <div class=\"decor\" id=\"contacto\">\r\n        <svg width=\"16\" height=\"35\" viewBox=\"0 0 16 35\" fill=\"none\" xmlns=\"http:\/\/www.w3.org\/2000\/svg\">\r\n    <path d=\"M8 14.5882L16 10.3529L16 0L4.6375e-06 9.41176L6.85907e-06 34.8235L8 29.6471L8 14.5882Z\" fill=\"currentColor\"><\/path>\r\n<\/svg>\r\n        Contacto    <\/div>\r\n    \r\n    <div class=\"content\">\r\n                                <h2 class=\"headline\">Aplica ahora<\/h2>\r\n        \r\n                    <p>Por favor, complete el formulario para contactar al equipo de expertos en Recursos Humanos. Tambi\u00e9n estaremos felices de responder a sus preguntas por tel\u00e9fono o correo electr\u00f3nico.<\/p>\n        \r\n        \r\n                    <div class=\"desktop-only\"><strong>PowerUP GmbH<\/strong><br \/>\nSportplatzweg 2<br \/>\n6135 Stans, Tirol<br \/>\nAustria<br \/>\nUID: ATU71231268Phone: <a href=\"tel:+43524264666\">+43 5242 64 666<\/a><br \/>\nE-Mail: <a href=\"mailto:office@powerup.at\">office@powerup.at<\/a>\n<\/div>\n<p><img decoding=\"async\" style=\"display: inline-block; width: 138px; margin-right: 20px; vertical-align: middle;\" src=\"https:\/\/www.powerup.at\/app\/uploads\/2023\/10\/iso-zertifikat-300x118.png\" alt=\"\" width=\"300\" height=\"118\" \/><img decoding=\"async\" style=\"display: inline-block; width: 70px; margin-right: 10px; vertical-align: middle;\" src=\"https:\/\/www.powerup.at\/app\/uploads\/2023\/10\/iqnet-zertifikat-300x300.png\" alt=\"\" width=\"300\" height=\"300\" \/><\/p>\n            <\/div>\r\n\r\n    <div class=\"form\">\r\n                    <div class=\"wpforms-container wpforms-render-modern\" id=\"wpforms-5727\"><form id=\"wpforms-form-5727\" class=\"wpforms-validate wpforms-form wpforms-ajax-form\" data-formid=\"5727\" method=\"post\" enctype=\"multipart\/form-data\" action=\"\/es\/wp-json\/wp\/v2\/pages\/6005?wpforms_form_id=5727\" data-token=\"23290411cb40a58455c0b1517f436382\" data-token-time=\"1776355710\"><noscript class=\"wpforms-error-noscript\">Por favor, activa JavaScript en tu navegador para completar este formulario.<\/noscript><div id=\"wpforms-error-noscript\" style=\"display: none;\">Por favor, activa JavaScript en tu navegador para completar este formulario.<\/div><div class=\"wpforms-field-container\"><div id=\"wpforms-5727-field_9-container\" class=\"wpforms-field wpforms-field-text\" data-field-id=\"9\"><label class=\"wpforms-field-label\" for=\"wpforms-5727-field_9\">Which job are you interested in? <span class=\"wpforms-required-label\" aria-hidden=\"true\">*<\/span><\/label><input type=\"text\" id=\"wpforms-5727-field_9\" class=\"wpforms-field-medium wpforms-field-required\" name=\"wpforms[fields][9]\" placeholder=\"Job title\" aria-errormessage=\"wpforms-5727-field_9-error\" aria-describedby=\"wpforms-5727-field_9-description\" required\/><div id=\"wpforms-5727-field_9-description\" class=\"wpforms-field-description\">Unsolicited applications are also possible &#8211; leave the input field blank in this case<\/div><\/div><div id=\"wpforms-5727-field_1-container\" class=\"wpforms-field wpforms-field-text\" data-field-id=\"1\"><label class=\"wpforms-field-label\" for=\"wpforms-5727-field_1\">First and Last Name <span class=\"wpforms-required-label\" aria-hidden=\"true\">*<\/span><\/label><input type=\"text\" id=\"wpforms-5727-field_1\" class=\"wpforms-field-medium wpforms-field-required\" name=\"wpforms[fields][1]\" placeholder=\"Please fill in\" aria-errormessage=\"wpforms-5727-field_1-error\" required\/><\/div><div id=\"wpforms-5727-field_8-container\" class=\"wpforms-field wpforms-field-email\" data-field-id=\"8\"><label class=\"wpforms-field-label\" for=\"wpforms-5727-field_8\">E-Mail Address <span class=\"wpforms-required-label\" aria-hidden=\"true\">*<\/span><\/label><input type=\"email\" id=\"wpforms-5727-field_8\" class=\"wpforms-field-medium wpforms-field-required\" name=\"wpforms[fields][8]\" placeholder=\"example@powerup.at\" spellcheck=\"false\" aria-errormessage=\"wpforms-5727-field_8-error\" required\/><\/div><div id=\"wpforms-5727-field_10-container\" class=\"wpforms-field wpforms-field-file-upload\" data-field-id=\"10\"><label class=\"wpforms-field-label\" for=\"wpforms-5727-field_10\">Upload CV and\/or Cover letter <span class=\"wpforms-required-label\" aria-hidden=\"true\">*<\/span><\/label><div\n\t\tclass=\"wpforms-uploader wpforms-field-required\"\n\t\tdata-field-id=\"10\"\n\t\tdata-form-id=\"5727\"\n\t\tdata-input-name=\"wpforms_5727_10\"\n\t\tdata-extensions=\"jpg,jpeg,jpe,gif,png,bmp,tiff,tif,webp,avif,ico,heic,heif,heics,heifs,asf,asx,wmv,wmx,wm,avi,divx,mov,qt,mpeg,mpg,mpe,mp4,m4v,ogv,webm,mkv,3gp,3gpp,3g2,3gp2,txt,asc,c,cc,h,srt,csv,tsv,ics,rtx,css,vtt,mp3,m4a,m4b,aac,ra,ram,wav,x-wav,ogg,oga,flac,mid,midi,wma,wax,mka,rtf,pdf,class,tar,zip,gz,gzip,rar,7z,psd,xcf,doc,pot,pps,ppt,wri,xla,xls,xlt,xlw,mpp,docx,docm,dotx,dotm,xlsx,xlsm,xlsb,xltx,xltm,xlam,pptx,pptm,ppsx,ppsm,potx,potm,ppam,sldx,sldm,onetoc,onetoc2,onepkg,oxps,xps,odt,odp,ods,odg,odc,odb,odf,wp,wpd,key,numbers,pages,svg\"\n\t\tdata-max-size=\"41943040\"\n\t\tdata-max-file-number=\"2\"\n\t\tdata-post-max-size=\"41943040\"\n\t\tdata-max-parallel-uploads=\"4\"\n\t\tdata-parallel-uploads=\"true\"\n\t\tdata-file-chunk-size=\"2097152\">\n\t<div class=\"dz-message\">\n\t\t<svg  viewBox=\"0 0 640 640\" focusable=\"false\" data-icon=\"inbox\" width=\"50px\" height=\"50px\" fill=\"currentColor\" aria-hidden=\"true\">\n\t\t\t<path d=\"M352 173.3L352 384C352 401.7 337.7 416 320 416C302.3 416 288 401.7 288 384L288 173.3L246.6 214.7C234.1 227.2 213.8 227.2 201.3 214.7C188.8 202.2 188.8 181.9 201.3 169.4L297.3 73.4C309.8 60.9 330.1 60.9 342.6 73.4L438.6 169.4C451.1 181.9 451.1 202.2 438.6 214.7C426.1 227.2 405.8 227.2 393.3 214.7L352 173.3zM320 464C364.2 464 400 428.2 400 384L480 384C515.3 384 544 412.7 544 448L544 480C544 515.3 515.3 544 480 544L160 544C124.7 544 96 515.3 96 480L96 448C96 412.7 124.7 384 160 384L240 384C240 428.2 275.8 464 320 464zM464 488C477.3 488 488 477.3 488 464C488 450.7 477.3 440 464 440C450.7 440 440 450.7 440 464C440 477.3 450.7 488 464 488z\"><\/path>\n\t\t<\/svg>\n\n\t\t<span class=\"modern-title\">\n\t\t\t\t\t\t\tDrag &amp; Drop Files, \t\t\t\t<span>Choose Files to Upload<\/span>\n\t\t\t\t\t<\/span>\n\n\t\t\t\t\t<span class=\"modern-hint\">Puedes subir hasta 2 archivos.<\/span>\n\t\t\t<\/div>\n<\/div>\n\n<input type=\"text\"\n\t\tautocomplete=\"off\"\n\t\treadonly\n\t\tclass=\"dropzone-input\"\n\t\tstyle=\"position:absolute!important;clip:rect(0,0,0,0)!important;height:1px!important;width:1px!important;border:0!important;overflow:hidden!important;padding:0!important;margin:0!important;\"\n\t\tid=\"wpforms-5727-field_10\"\n\t\tname=\"wpforms_5727_10\" required\t\tvalue=\"\"\/>\n<\/div><div id=\"wpforms-5727-field_6-container\" class=\"wpforms-field wpforms-field-textarea\" data-field-id=\"6\"><label class=\"wpforms-field-label\" for=\"wpforms-5727-field_6\">Further details<\/label><textarea id=\"wpforms-5727-field_6\" class=\"wpforms-field-medium\" name=\"wpforms[fields][6]\" placeholder=\"Please provide further details if required\" aria-errormessage=\"wpforms-5727-field_6-error\"><\/textarea><\/div><div id=\"wpforms-5727-field_7-container\" class=\"wpforms-field wpforms-field-checkbox\" data-field-id=\"7\"><fieldset><legend class=\"wpforms-field-label\"> <span class=\"wpforms-required-label\" aria-hidden=\"true\">*<\/span><\/legend><ul id=\"wpforms-5727-field_7\" class=\"wpforms-field-required\"><li class=\"choice-1 depth-1\"><input type=\"checkbox\" id=\"wpforms-5727-field_7_1\" name=\"wpforms[fields][7][]\" value=\"I agree to the data protection of PowerUP GmbH.\" aria-errormessage=\"wpforms-5727-field_7_1-error\" required\/><label class=\"wpforms-field-label-inline\" for=\"wpforms-5727-field_7_1\">I agree to the data protection of PowerUP GmbH.<\/label><\/li><\/ul><\/fieldset><\/div><\/div><!-- .wpforms-field-container --><div class=\"wpforms-recaptcha-container wpforms-is-recaptcha wpforms-is-recaptcha-type-v3\"><input type=\"hidden\" name=\"wpforms[recaptcha]\" value=\"\"\/><\/div><div class=\"wpforms-submit-container\"><input type=\"hidden\" name=\"wpforms[id]\" value=\"5727\"\/><input type=\"hidden\" name=\"page_title\" value=\"\"\/><input type=\"hidden\" name=\"page_url\" value=\"https:\/\/www.powerup.at\/es\/wp-json\/wp\/v2\/pages\/6005\"\/><input type=\"hidden\" name=\"url_referer\" value=\"\"\/><button type=\"submit\" name=\"wpforms[submit]\" id=\"wpforms-submit-5727\" class=\"wpforms-submit\" data-alt-text=\"Application is sending...\" data-submit-text=\"Apply for a Job now!\" aria-live=\"assertive\" value=\"wpforms-submit\">Apply for a Job now!<\/button><img decoding=\"async\" src=\"https:\/\/www.powerup.at\/app\/plugins\/wpforms\/assets\/images\/submit-spin.svg\" class=\"wpforms-submit-spinner\" style=\"display: none;\" width=\"26\" height=\"26\" alt=\"Cargando\"\/><div data-id=\"wpforms-5727\" style=\"display:none\"><svg width=\"24\" height=\"24\" viewBox=\"0 0 24 24\" fill=\"none\" xmlns=\"http:\/\/www.w3.org\/2000\/svg\">\r\n    <path d=\"M8.77473 7.22528L16.7595 7.38824L16.9225 15.373\" stroke=\"currentColor\"><\/path>\r\n    <path d=\"M17.0243 7.22529L7.12478 17.1248\" stroke=\"currentColor\"><\/path>\r\n<\/svg>\r\n<\/div>\n    <script>\n        var form = document.getElementById(\"wpforms-5727\");\n        var submitButton = form.querySelector(\"button[type='submit']\");\n        if (submitButton) {\n            var svg = submitButton.parentElement.querySelector(\"svg\");\n            if (svg) {                \n                submitButton.appendChild(svg);\n                svg.style.display = \"block\";\n            }\n        }\n    <\/script>\n    <\/div><\/form><\/div>  <!-- .wpforms-container -->            <\/div>\r\n\r\n<\/div>","protected":false},"excerpt":{"rendered":"","protected":false},"author":1,"featured_media":0,"parent":0,"menu_order":213,"comment_status":"closed","ping_status":"closed","template":"","meta":{"_acf_changed":false,"footnotes":""},"class_list":["post-6005","page","type-page","status-publish","hentry"],"acf":[],"_links":{"self":[{"href":"https:\/\/www.powerup.at\/es\/wp-json\/wp\/v2\/pages\/6005","targetHints":{"allow":["GET"]}}],"collection":[{"href":"https:\/\/www.powerup.at\/es\/wp-json\/wp\/v2\/pages"}],"about":[{"href":"https:\/\/www.powerup.at\/es\/wp-json\/wp\/v2\/types\/page"}],"author":[{"embeddable":true,"href":"https:\/\/www.powerup.at\/es\/wp-json\/wp\/v2\/users\/1"}],"replies":[{"embeddable":true,"href":"https:\/\/www.powerup.at\/es\/wp-json\/wp\/v2\/comments?post=6005"}],"version-history":[{"count":0,"href":"https:\/\/www.powerup.at\/es\/wp-json\/wp\/v2\/pages\/6005\/revisions"}],"wp:attachment":[{"href":"https:\/\/www.powerup.at\/es\/wp-json\/wp\/v2\/media?parent=6005"}],"curies":[{"name":"wp","href":"https:\/\/api.w.org\/{rel}","templated":true}]}}