{"id":6008,"date":"2023-10-24T13:04:51","date_gmt":"2023-10-24T13:04:51","guid":{"rendered":"https:\/\/www.powerup.at\/motores\/"},"modified":"2026-01-26T08:29:46","modified_gmt":"2026-01-26T08:29:46","slug":"motores","status":"publish","type":"page","link":"https:\/\/www.powerup.at\/es\/motores\/","title":{"rendered":"Motores"},"content":{"rendered":"\n<!-- ilj_no_linking -->\n<div class=\"klx_hero\" data-layout=\"default\" style=\"--duration: 4600ms;\" data-config='{\"speed\":1000,\"transition\":3500,\"useSwiper\":false}'>\n\n            <div class=\"content\">\n            <div class=\"inner\">\n\n                                                        <p class=\"headline\">Motores<\/p>\n                \n                                                        <p class=\"subheadline\">Ofrecemos diversas soluciones para motores de gas, adaptadas a todas las necesidades de nuestros clientes.<\/p>\n                \n                \n                                    <div class=\"wp-block-buttons\">\n                                                    <div class=\"wp-block-button \">\n                                <a class=\"wp-block-button__link\" href=\"https:\/\/www.powerup.at\/contact\/\">Contact us<\/a>\n                            <\/div>\n                                                    <div class=\"wp-block-button secondary\">\n                                <a class=\"wp-block-button__link\" href=\"https:\/\/www.powerup.at\/get-your-quote\/\">Get your quote<\/a>\n                            <\/div>\n                                            <\/div>\n                \n                \n            <\/div>\n        <\/div>\n    \n    <div id=\"el-69f436284e245\" class=\"slider swiper-container\">\n        <div class=\"swiper-wrapper\">\n                            <div class=\"swiper-slide\">\n\n                    \n                    <div class=\"background\">\n                        \n                                                    <img fetchpriority=\"high\" decoding=\"async\" width=\"2000\" height=\"1087\" src=\"https:\/\/www.powerup.at\/app\/uploads\/2023\/10\/engines-jpg-webp.webp\" class=\"image_container default\" alt=\"engines\" loading=\"eager\" \/>                                            <\/div>\n                <\/div>\n                    <\/div>\n    <\/div>\n\n    \n    \n    <div id=\"el-69f436284e245_pagination\" class=\"swiper-pagination\"><\/div>\n\n<\/div>\n<!-- \/ilj_no_linking -->\n\n\r\n<div class=\"klx_decor-headline-text\">\r\n    \r\n    <div class=\"content\">\r\n                                <h1 class=\"headline\">Soluciones para motores de gas por PowerUP<\/h1>\r\n        \r\n                    <p>Tanto si se trata de <a href=\"https:\/\/www.powerup.at\/es\/motores\/comprar-un-motor\/\" title=\"Comprar un motor\">comprar un motor de gas<\/a> como de <a href=\"https:\/\/www.powerup.at\/es\/motores\/solucion-en-contenedor\/\" title=\"Soluci\u00f3n en contenedor\">soluciones para contenedores<\/a>, <a href=\"https:\/\/www.powerup.at\/es\/motores\/alquilar-un-motor\/\" title=\"Alquilar un motor\">alquilar un motor<\/a>, <a href=\"https:\/\/www.powerup.at\/es\/motores\/motor-de-reemplazo\/\" title=\"Motor de reemplazo\">sustituir un motor<\/a>, vender su motor o nuestro propio grupo electr\u00f3geno <a href=\"https:\/\/www.powerup.at\/es\/productos\/pupgen\/\" title=\"PupGEN\">PUPGEN<\/a>, ofrecemos soluciones a medida e innovadoras para satisfacer todas sus necesidades. Conf\u00ede en nuestra experiencia y aseg\u00farese de que sus motores de gas est\u00e1n en manos de los mejores.<\/p>\n<p>Tanto si se trata de <a href=\"https:\/\/www.powerup.at\/es\/motores\/comprar-un-motor\/\" title=\"Comprar un motor\">comprar un motor<\/a> de gas como de soluciones para contenedores, alquilar un motor, sustituir un motor, vender su motor o nuestro propio grupo motor generador PUPGEN, ofrecemos soluciones a medida e innovadoras para satisfacer todas sus necesidades. Conf\u00ede en nuestra experiencia y tenga la seguridad de que sus motores de gas est\u00e1n en manos de los mejores.<\/p>\n            <\/div>\r\n\r\n    \r\n<\/div>\n\n<div class=\"klx_teasers-boxed\" data-columns=\"3\">\r\n    \r\n    <div class=\"items\">\r\n                                                    <div class=\"item single-button\" data-style=\"default\">\r\n\r\n                                            <a class=\"overlay\" href=\"https:\/\/www.powerup.at\/engines\/buy-engine\/\" title=\"To Buy an engine\"><\/a>\r\n                    \r\n                                        <div class=\"image\">\r\n                        <figure class=\"image_container\"><img decoding=\"async\" loading=\"lazy\" src=\"https:\/\/www.powerup.at\/app\/uploads\/2023\/11\/buy-an-engine-465x312.webp\" width=\"465\" height=\"312\" alt=\"Buy an engine\" \/><\/figure>                    <\/div>\r\n                                        <div class=\"content\">\r\n                                                                                <h2 class=\"hx\">\r\n                                Comprar un motor                            <\/h2>\r\n                                                                            <p>Ya sea que necesite piezas individuales, bloques cortos, bloques largos o grupos electr\u00f3genos completos, nosotros somos su s\u00f3lido aliado para soluciones personalizadas<\/p>\n                                                <div class=\"buttons\">\r\n                                                    <div class=\"wp-block-buttons master\">\r\n                                <div class=\"wp-block-button\"><a class=\"wp-block-button__link\" href=\"https:\/\/www.powerup.at\/engines\/buy-engine\/\" title=\"To Buy an engine\">To Buy an engine<svg width=\"24\" height=\"24\" viewBox=\"0 0 24 24\" fill=\"none\" xmlns=\"http:\/\/www.w3.org\/2000\/svg\">\r\n    <path d=\"M8.77473 7.22528L16.7595 7.38824L16.9225 15.373\" stroke=\"currentColor\"><\/path>\r\n    <path d=\"M17.0243 7.22529L7.12478 17.1248\" stroke=\"currentColor\"><\/path>\r\n<\/svg>\r\n<\/a><\/div>                            <\/div>\r\n                                                                        <\/div>\r\n                    <\/div>\r\n                <\/div>\r\n                                            <div class=\"item single-button\" data-style=\"default\">\r\n\r\n                                            <a class=\"overlay\" href=\"https:\/\/www.powerup.at\/engines\/replacement-engine\/\" title=\"Motor de reemplazo\"><\/a>\r\n                    \r\n                                        <div class=\"image\">\r\n                        <figure class=\"image_container\"><img decoding=\"async\" loading=\"lazy\" src=\"https:\/\/www.powerup.at\/app\/uploads\/2023\/11\/replacement-engine-465x312.webp\" width=\"465\" height=\"312\" alt=\"Replacement Engine\" \/><\/figure>                    <\/div>\r\n                                        <div class=\"content\">\r\n                                                                                <h2 class=\"hx\">\r\n                                Motor de repuesto                            <\/h2>\r\n                                                                            <p>Con una entrega r\u00e1pida y un alcance de suministro compacto, estos motores son la soluci\u00f3n ideal para realizar revisiones o reparaciones en su sistema existente.<\/p>\n                                                <div class=\"buttons\">\r\n                                                    <div class=\"wp-block-buttons master\">\r\n                                <div class=\"wp-block-button\"><a class=\"wp-block-button__link\" href=\"https:\/\/www.powerup.at\/engines\/replacement-engine\/\" title=\"Motor de reemplazo\">Motor de reemplazo<svg width=\"24\" height=\"24\" viewBox=\"0 0 24 24\" fill=\"none\" xmlns=\"http:\/\/www.w3.org\/2000\/svg\">\r\n    <path d=\"M8.77473 7.22528L16.7595 7.38824L16.9225 15.373\" stroke=\"currentColor\"><\/path>\r\n    <path d=\"M17.0243 7.22529L7.12478 17.1248\" stroke=\"currentColor\"><\/path>\r\n<\/svg>\r\n<\/a><\/div>                            <\/div>\r\n                                                                        <\/div>\r\n                    <\/div>\r\n                <\/div>\r\n                                            <div class=\"item single-button\" data-style=\"default\">\r\n\r\n                                            <a class=\"overlay\" href=\"https:\/\/www.powerup.at\/engines\/rent-engine\/\" title=\"alquilar un motor\"><\/a>\r\n                    \r\n                                        <div class=\"image\">\r\n                        <figure class=\"image_container\"><img decoding=\"async\" loading=\"lazy\" src=\"https:\/\/www.powerup.at\/app\/uploads\/2023\/11\/rent-an-engine-465x312.webp\" width=\"465\" height=\"312\" alt=\"Rent an engine\" \/><\/figure>                    <\/div>\r\n                                        <div class=\"content\">\r\n                                                                                <h2 class=\"hx\">\r\n                                Alquilar un motor                            <\/h2>\r\n                                                                            <p>Nuestros motores de gas en alquiler no solo ofrecen una eficiencia de primer nivel, sino tambi\u00e9n una excelente relaci\u00f3n costo-beneficio.<\/p>\n                                                <div class=\"buttons\">\r\n                                                    <div class=\"wp-block-buttons master\">\r\n                                <div class=\"wp-block-button\"><a class=\"wp-block-button__link\" href=\"https:\/\/www.powerup.at\/engines\/rent-engine\/\" title=\"alquilar un motor\">alquilar un motor<svg width=\"24\" height=\"24\" viewBox=\"0 0 24 24\" fill=\"none\" xmlns=\"http:\/\/www.w3.org\/2000\/svg\">\r\n    <path d=\"M8.77473 7.22528L16.7595 7.38824L16.9225 15.373\" stroke=\"currentColor\"><\/path>\r\n    <path d=\"M17.0243 7.22529L7.12478 17.1248\" stroke=\"currentColor\"><\/path>\r\n<\/svg>\r\n<\/a><\/div>                            <\/div>\r\n                                                                        <\/div>\r\n                    <\/div>\r\n                <\/div>\r\n                                            <div class=\"item single-button\" data-style=\"default\">\r\n\r\n                                            <a class=\"overlay\" href=\"https:\/\/www.powerup.at\/engines\/buy-engine\/\" title=\"Para vender tu motor\"><\/a>\r\n                    \r\n                                        <div class=\"image\">\r\n                        <figure class=\"image_container\"><img decoding=\"async\" loading=\"lazy\" src=\"https:\/\/www.powerup.at\/app\/uploads\/2023\/11\/sell-your-engine-465x312.webp\" width=\"465\" height=\"312\" alt=\"Sell your engine\" \/><\/figure>                    <\/div>\r\n                                        <div class=\"content\">\r\n                                                                                <h2 class=\"hx\">\r\n                                Vende tu motor                            <\/h2>\r\n                                                                            <p>\u00bfDeseas vender tu motor de gas? Haz clic aqu\u00ed para obtener m\u00e1s informaci\u00f3n.<\/p>\n                                                <div class=\"buttons\">\r\n                                                    <div class=\"wp-block-buttons master\">\r\n                                <div class=\"wp-block-button\"><a class=\"wp-block-button__link\" href=\"https:\/\/www.powerup.at\/engines\/buy-engine\/\" title=\"Para vender tu motor\">Para vender tu motor<svg width=\"24\" height=\"24\" viewBox=\"0 0 24 24\" fill=\"none\" xmlns=\"http:\/\/www.w3.org\/2000\/svg\">\r\n    <path d=\"M8.77473 7.22528L16.7595 7.38824L16.9225 15.373\" stroke=\"currentColor\"><\/path>\r\n    <path d=\"M17.0243 7.22529L7.12478 17.1248\" stroke=\"currentColor\"><\/path>\r\n<\/svg>\r\n<\/a><\/div>                            <\/div>\r\n                                                                        <\/div>\r\n                    <\/div>\r\n                <\/div>\r\n                                            <div class=\"item single-button\" data-style=\"default\">\r\n\r\n                                            <a class=\"overlay\" href=\"https:\/\/www.powerup.at\/engines\/container-solution\/\" title=\"a la soluci\u00f3n en contenedor\"><\/a>\r\n                    \r\n                                        <div class=\"image\">\r\n                        <figure class=\"image_container\"><img decoding=\"async\" loading=\"lazy\" src=\"https:\/\/www.powerup.at\/app\/uploads\/2023\/10\/container-solution-e1709816841812.png\" width=\"465\" height=\"262\" alt=\"Container Solution\" \/><\/figure>                    <\/div>\r\n                                        <div class=\"content\">\r\n                                                                                <h2 class=\"hx\">\r\n                                Soluciones en contenedor                            <\/h2>\r\n                                                                            <p>La soluci\u00f3n de contenedores de PowerUP ofrece un enfoque simplificado y eficiente para operar motores en cualquier entorno.<\/p>\n                                                <div class=\"buttons\">\r\n                                                    <div class=\"wp-block-buttons master\">\r\n                                <div class=\"wp-block-button\"><a class=\"wp-block-button__link\" href=\"https:\/\/www.powerup.at\/engines\/container-solution\/\" title=\"a la soluci\u00f3n en contenedor\">a la soluci\u00f3n en contenedor<svg width=\"24\" height=\"24\" viewBox=\"0 0 24 24\" fill=\"none\" xmlns=\"http:\/\/www.w3.org\/2000\/svg\">\r\n    <path d=\"M8.77473 7.22528L16.7595 7.38824L16.9225 15.373\" stroke=\"currentColor\"><\/path>\r\n    <path d=\"M17.0243 7.22529L7.12478 17.1248\" stroke=\"currentColor\"><\/path>\r\n<\/svg>\r\n<\/a><\/div>                            <\/div>\r\n                                                                        <\/div>\r\n                    <\/div>\r\n                <\/div>\r\n                                            <div class=\"item single-button\" data-style=\"default\">\r\n\r\n                                            <a class=\"overlay\" href=\"https:\/\/www.powerup.at\/products\/pupgen\/\" title=\"a PupGEN\"><\/a>\r\n                    \r\n                                        <div class=\"image\">\r\n                        <figure class=\"image_container\"><img decoding=\"async\" loading=\"lazy\" src=\"https:\/\/www.powerup.at\/app\/uploads\/2023\/11\/pupgen-465x312.png\" width=\"465\" height=\"312\" alt=\"\" \/><\/figure>                    <\/div>\r\n                                        <div class=\"content\">\r\n                                                                                <h2 class=\"hx\">\r\n                                PUPGEN                            <\/h2>\r\n                                                                            <p>Los motores de gas PowerUP PUPGEN representan innovaci\u00f3n y rendimiento. Ofrecen las soluciones m\u00e1s recientes y paquetes de mejora galardonados, centr\u00e1ndose en inversiones bajas y altas tasas de confiabilidad.<\/p>\n                                                <div class=\"buttons\">\r\n                                                    <div class=\"wp-block-buttons master\">\r\n                                <div class=\"wp-block-button\"><a class=\"wp-block-button__link\" href=\"https:\/\/www.powerup.at\/products\/pupgen\/\" title=\"a PupGEN\">a PupGEN<svg width=\"24\" height=\"24\" viewBox=\"0 0 24 24\" fill=\"none\" xmlns=\"http:\/\/www.w3.org\/2000\/svg\">\r\n    <path d=\"M8.77473 7.22528L16.7595 7.38824L16.9225 15.373\" stroke=\"currentColor\"><\/path>\r\n    <path d=\"M17.0243 7.22529L7.12478 17.1248\" stroke=\"currentColor\"><\/path>\r\n<\/svg>\r\n<\/a><\/div>                            <\/div>\r\n                                                                        <\/div>\r\n                    <\/div>\r\n                <\/div>\r\n                        <\/div>\r\n\r\n    <script>\r\n        document.addEventListener('DOMContentLoaded', function() {\r\n            \r\n            let teaserBoxes = document.querySelectorAll('.klx_teasers-boxed .item');\r\n\r\n            for (let i = 0; i < teaserBoxes.length; i++) {\r\n                const item = teaserBoxes[i];\r\n                \r\n                let buttonsDiv = item.querySelector('.buttons');\r\n                let masterDiv = buttonsDiv.querySelector('.master');\r\n                let masterLink = masterDiv.querySelector('.wp-block-button__link');\r\n\r\n                let childrenDiv = buttonsDiv.querySelector('.children');\r\n                var childrenLinks = [];\r\n                if(childrenDiv) {\r\n                    childrenLinks = childrenDiv.querySelectorAll('.wp-block-button__link');\r\n                }\r\n\r\n                \/\/ Add hover class on mouseover\r\n                if(childrenLinks.length > 0) {\r\n                    for (let j = 0; j < childrenLinks.length; j++) {\r\n                        const link = childrenLinks[j];\r\n                        link.addEventListener('mouseover', function() {\r\n                            link.closest('.children').dataset.hoverIndex = j;\r\n                        });\r\n                        link.addEventListener('mouseleave', function() {\r\n                            link.closest('.children').dataset.hoverIndex = '';\r\n                        });\r\n                    }\r\n                }\r\n                \r\n                \/\/ Add hover class on mouseover\r\n                item.addEventListener('mouseover', function() {\r\n                    buttonsDiv.classList.add('hover');\r\n                });\r\n    \r\n                \/\/ Remove hover class on mouseleave\r\n                item.addEventListener('mouseleave', function() {\r\n                    buttonsDiv.classList.remove('hover');\r\n                });\r\n    \r\n                \/\/ Prevent the default click for master if hover is not present\r\n                masterLink.addEventListener('click', function(e) {\r\n                    if (!buttonsDiv.classList.contains('hover')) {\r\n                        e.preventDefault();\r\n                    }\r\n                });\r\n    \r\n                \/\/ For touch devices\r\n                masterDiv.addEventListener('touchstart', function(e) {\r\n                    if (!buttonsDiv.classList.contains('hover')) {\r\n                        e.preventDefault(); \/\/ Prevent the default click\r\n                        buttonsDiv.classList.add('hover');\r\n                    }\r\n                }, { passive: false });\r\n    \r\n                \/\/ You can add a similar touchend listener for the buttonsDiv to remove the hover class if needed.\r\n                \/\/buttonsDiv.addEventListener('touchend', function() {\r\n                \/\/    if (buttonsDiv.classList.contains('hover')) {\r\n                \/\/        buttonsDiv.classList.remove('hover');\r\n                \/\/    }\r\n                \/\/});\r\n            }\r\n            \r\n        });\r\n    <\/script>\r\n\r\n<\/div>","protected":false},"excerpt":{"rendered":"","protected":false},"author":1,"featured_media":0,"parent":0,"menu_order":102,"comment_status":"closed","ping_status":"closed","template":"","meta":{"_acf_changed":false,"footnotes":""},"class_list":["post-6008","page","type-page","status-publish","hentry"],"acf":[],"_links":{"self":[{"href":"https:\/\/www.powerup.at\/es\/wp-json\/wp\/v2\/pages\/6008","targetHints":{"allow":["GET"]}}],"collection":[{"href":"https:\/\/www.powerup.at\/es\/wp-json\/wp\/v2\/pages"}],"about":[{"href":"https:\/\/www.powerup.at\/es\/wp-json\/wp\/v2\/types\/page"}],"author":[{"embeddable":true,"href":"https:\/\/www.powerup.at\/es\/wp-json\/wp\/v2\/users\/1"}],"replies":[{"embeddable":true,"href":"https:\/\/www.powerup.at\/es\/wp-json\/wp\/v2\/comments?post=6008"}],"version-history":[{"count":1,"href":"https:\/\/www.powerup.at\/es\/wp-json\/wp\/v2\/pages\/6008\/revisions"}],"predecessor-version":[{"id":45896,"href":"https:\/\/www.powerup.at\/es\/wp-json\/wp\/v2\/pages\/6008\/revisions\/45896"}],"wp:attachment":[{"href":"https:\/\/www.powerup.at\/es\/wp-json\/wp\/v2\/media?parent=6008"}],"curies":[{"name":"wp","href":"https:\/\/api.w.org\/{rel}","templated":true}]}}