{"id":23300,"date":"2024-11-28T11:10:08","date_gmt":"2024-11-28T11:10:08","guid":{"rendered":"https:\/\/www.powerup.at\/shop\/product\/olfilter-2\/"},"modified":"2026-05-10T00:12:26","modified_gmt":"2026-05-10T00:12:26","slug":"olfilter-2","status":"publish","type":"product","link":"https:\/\/www.powerup.at\/es\/shop\/producto\/olfilter-2\/","title":{"rendered":"Oil filter"},"content":{"rendered":"","protected":false},"excerpt":{"rendered":"<p>Wechselfilter passend f\u00fcr verschiedene Gasmotoren f\u00fcr optimale Filterung von Schmutzpartikeln im \u00d6l. \u00d6lfilter mit Stauschutzkappe, R\u00fccklaufsperre und zul. Betriebsdruck von 14bar.<\/p>\n","protected":false},"featured_media":18185,"comment_status":"closed","ping_status":"closed","template":"","meta":{"_acf_changed":false},"product_brand":[],"product_cat":[654,573,569,651,616,635,570],"product_tag":[],"class_list":{"0":"post-23300","1":"product","2":"type-product","3":"status-publish","4":"has-post-thumbnail","6":"product_cat-cat-es","7":"product_cat-filter-es","8":"product_cat-jenbacher-es","9":"product_cat-man-es","10":"product_cat-mwm-es","11":"product_cat-property6-es","12":"product_cat-all-products-es","14":"first","15":"instock","16":"taxable","17":"shipping-taxable","18":"purchasable","19":"product-type-simple"},"acf":[],"_links":{"self":[{"href":"https:\/\/www.powerup.at\/es\/wp-json\/wp\/v2\/product\/23300","targetHints":{"allow":["GET"]}}],"collection":[{"href":"https:\/\/www.powerup.at\/es\/wp-json\/wp\/v2\/product"}],"about":[{"href":"https:\/\/www.powerup.at\/es\/wp-json\/wp\/v2\/types\/product"}],"replies":[{"embeddable":true,"href":"https:\/\/www.powerup.at\/es\/wp-json\/wp\/v2\/comments?post=23300"}],"wp:featuredmedia":[{"embeddable":true,"href":"https:\/\/www.powerup.at\/es\/wp-json\/wp\/v2\/media\/18185"}],"wp:attachment":[{"href":"https:\/\/www.powerup.at\/es\/wp-json\/wp\/v2\/media?parent=23300"}],"wp:term":[{"taxonomy":"product_brand","embeddable":true,"href":"https:\/\/www.powerup.at\/es\/wp-json\/wp\/v2\/product_brand?post=23300"},{"taxonomy":"product_cat","embeddable":true,"href":"https:\/\/www.powerup.at\/es\/wp-json\/wp\/v2\/product_cat?post=23300"},{"taxonomy":"product_tag","embeddable":true,"href":"https:\/\/www.powerup.at\/es\/wp-json\/wp\/v2\/product_tag?post=23300"}],"curies":[{"name":"wp","href":"https:\/\/api.w.org\/{rel}","templated":true}]}}