{"id":23334,"date":"2025-01-29T20:30:13","date_gmt":"2025-01-29T20:30:13","guid":{"rendered":"https:\/\/www.powerup.at\/shop\/product\/servomotor-stellgerat-stgg-30-10\/"},"modified":"2026-04-21T06:22:31","modified_gmt":"2026-04-21T06:22:31","slug":"servomotor-stellgerat-stgg-30-10","status":"publish","type":"product","link":"https:\/\/www.powerup.at\/es\/shop\/producto\/servomotor-stellgerat-stgg-30-10\/","title":{"rendered":"Servomotor"},"content":{"rendered":"","protected":false},"excerpt":{"rendered":"<p>Stellger\u00e4t f\u00fcr geeignet f\u00fcr verschiedene Gasmotoren. <\/p>\n","protected":false},"featured_media":31147,"comment_status":"closed","ping_status":"closed","template":"","meta":{"_acf_changed":false},"product_brand":[702,703,704,706],"product_cat":[607,654,569,651,616,567,570],"product_tag":[],"class_list":{"0":"post-23334","1":"product","2":"type-product","3":"status-publish","4":"has-post-thumbnail","6":"product_brand-cat","7":"product_brand-jenbacher","8":"product_brand-man","9":"product_brand-mwm","10":"product_cat-actuators-sensors-es","11":"product_cat-cat-es","12":"product_cat-jenbacher-es","13":"product_cat-man-es","14":"product_cat-mwm-es","15":"product_cat-property4-es","16":"product_cat-all-products-es","18":"first","19":"outofstock","20":"taxable","21":"shipping-taxable","22":"purchasable","23":"product-type-simple"},"acf":[],"_links":{"self":[{"href":"https:\/\/www.powerup.at\/es\/wp-json\/wp\/v2\/product\/23334","targetHints":{"allow":["GET"]}}],"collection":[{"href":"https:\/\/www.powerup.at\/es\/wp-json\/wp\/v2\/product"}],"about":[{"href":"https:\/\/www.powerup.at\/es\/wp-json\/wp\/v2\/types\/product"}],"replies":[{"embeddable":true,"href":"https:\/\/www.powerup.at\/es\/wp-json\/wp\/v2\/comments?post=23334"}],"wp:featuredmedia":[{"embeddable":true,"href":"https:\/\/www.powerup.at\/es\/wp-json\/wp\/v2\/media\/31147"}],"wp:attachment":[{"href":"https:\/\/www.powerup.at\/es\/wp-json\/wp\/v2\/media?parent=23334"}],"wp:term":[{"taxonomy":"product_brand","embeddable":true,"href":"https:\/\/www.powerup.at\/es\/wp-json\/wp\/v2\/product_brand?post=23334"},{"taxonomy":"product_cat","embeddable":true,"href":"https:\/\/www.powerup.at\/es\/wp-json\/wp\/v2\/product_cat?post=23334"},{"taxonomy":"product_tag","embeddable":true,"href":"https:\/\/www.powerup.at\/es\/wp-json\/wp\/v2\/product_tag?post=23334"}],"curies":[{"name":"wp","href":"https:\/\/api.w.org\/{rel}","templated":true}]}}