{"id":23690,"date":"2025-01-29T20:31:38","date_gmt":"2025-01-29T20:31:38","guid":{"rendered":"https:\/\/www.powerup.at\/shop\/product\/olfilter-10\/"},"modified":"2026-05-10T01:30:14","modified_gmt":"2026-05-10T01:30:14","slug":"olfilter-10","status":"publish","type":"product","link":"https:\/\/www.powerup.at\/es\/shop\/producto\/olfilter-10\/","title":{"rendered":"Oil filter"},"content":{"rendered":"","protected":false},"excerpt":{"rendered":"<p>Wechselfilter passend f\u00fcr MWM\u00ae Gasmotoren f\u00fcr optimale Filterung von Schmutzpartikeln im \u00d6l. \u00d6lfilter mit Staubschutzkappe, R\u00fccklaufsperre und zul. Betriebsdruck von 14bar.<\/p>\n","protected":false},"featured_media":31198,"comment_status":"closed","ping_status":"closed","template":"","meta":{"_acf_changed":false},"product_brand":[],"product_cat":[573,616,635,570],"product_tag":[],"class_list":{"0":"post-23690","1":"product","2":"type-product","3":"status-publish","4":"has-post-thumbnail","6":"product_cat-filter-es","7":"product_cat-mwm-es","8":"product_cat-property6-es","9":"product_cat-all-products-es","11":"first","12":"outofstock","13":"taxable","14":"shipping-taxable","15":"purchasable","16":"product-type-simple"},"acf":[],"_links":{"self":[{"href":"https:\/\/www.powerup.at\/es\/wp-json\/wp\/v2\/product\/23690","targetHints":{"allow":["GET"]}}],"collection":[{"href":"https:\/\/www.powerup.at\/es\/wp-json\/wp\/v2\/product"}],"about":[{"href":"https:\/\/www.powerup.at\/es\/wp-json\/wp\/v2\/types\/product"}],"replies":[{"embeddable":true,"href":"https:\/\/www.powerup.at\/es\/wp-json\/wp\/v2\/comments?post=23690"}],"wp:featuredmedia":[{"embeddable":true,"href":"https:\/\/www.powerup.at\/es\/wp-json\/wp\/v2\/media\/31198"}],"wp:attachment":[{"href":"https:\/\/www.powerup.at\/es\/wp-json\/wp\/v2\/media?parent=23690"}],"wp:term":[{"taxonomy":"product_brand","embeddable":true,"href":"https:\/\/www.powerup.at\/es\/wp-json\/wp\/v2\/product_brand?post=23690"},{"taxonomy":"product_cat","embeddable":true,"href":"https:\/\/www.powerup.at\/es\/wp-json\/wp\/v2\/product_cat?post=23690"},{"taxonomy":"product_tag","embeddable":true,"href":"https:\/\/www.powerup.at\/es\/wp-json\/wp\/v2\/product_tag?post=23690"}],"curies":[{"name":"wp","href":"https:\/\/api.w.org\/{rel}","templated":true}]}}