{"id":23984,"date":"2025-01-24T14:42:51","date_gmt":"2025-01-24T14:42:51","guid":{"rendered":"https:\/\/www.powerup.at\/shop\/product\/luftfilter-mwm-cat\/"},"modified":"2026-05-10T02:35:50","modified_gmt":"2026-05-10T02:35:50","slug":"luftfilter-mwm-cat","status":"publish","type":"product","link":"https:\/\/www.powerup.at\/es\/shop\/producto\/luftfilter-mwm-cat\/","title":{"rendered":"Air filter"},"content":{"rendered":"","protected":false},"excerpt":{"rendered":"<p>Der Luftfilter sorgt f\u00fcr saubere Ansaugluft und sch\u00fctzt vor Schmutzpartikeln im Motor. Luftfiltereinsatz passend f\u00fcr MWM\u00ae Gasmotoren.<\/p>\n","protected":false},"featured_media":20665,"comment_status":"closed","ping_status":"closed","template":"","meta":{"_acf_changed":false},"product_brand":[702,706],"product_cat":[573,616,635,570],"product_tag":[],"class_list":{"0":"post-23984","1":"product","2":"type-product","3":"status-publish","4":"has-post-thumbnail","6":"product_brand-cat","7":"product_brand-mwm","8":"product_cat-filter-es","9":"product_cat-mwm-es","10":"product_cat-property6-es","11":"product_cat-all-products-es","13":"first","14":"instock","15":"taxable","16":"shipping-taxable","17":"purchasable","18":"product-type-simple"},"acf":[],"_links":{"self":[{"href":"https:\/\/www.powerup.at\/es\/wp-json\/wp\/v2\/product\/23984","targetHints":{"allow":["GET"]}}],"collection":[{"href":"https:\/\/www.powerup.at\/es\/wp-json\/wp\/v2\/product"}],"about":[{"href":"https:\/\/www.powerup.at\/es\/wp-json\/wp\/v2\/types\/product"}],"replies":[{"embeddable":true,"href":"https:\/\/www.powerup.at\/es\/wp-json\/wp\/v2\/comments?post=23984"}],"wp:featuredmedia":[{"embeddable":true,"href":"https:\/\/www.powerup.at\/es\/wp-json\/wp\/v2\/media\/20665"}],"wp:attachment":[{"href":"https:\/\/www.powerup.at\/es\/wp-json\/wp\/v2\/media?parent=23984"}],"wp:term":[{"taxonomy":"product_brand","embeddable":true,"href":"https:\/\/www.powerup.at\/es\/wp-json\/wp\/v2\/product_brand?post=23984"},{"taxonomy":"product_cat","embeddable":true,"href":"https:\/\/www.powerup.at\/es\/wp-json\/wp\/v2\/product_cat?post=23984"},{"taxonomy":"product_tag","embeddable":true,"href":"https:\/\/www.powerup.at\/es\/wp-json\/wp\/v2\/product_tag?post=23984"}],"curies":[{"name":"wp","href":"https:\/\/api.w.org\/{rel}","templated":true}]}}