{"id":33416,"date":"2025-10-01T06:40:04","date_gmt":"2025-10-01T06:40:04","guid":{"rendered":"https:\/\/www.powerup.at\/shop\/product\/ignition-controller-mic5\/"},"modified":"2026-04-25T23:18:22","modified_gmt":"2026-04-25T23:18:22","slug":"ignition-controller-mic5","status":"publish","type":"product","link":"https:\/\/www.powerup.at\/es\/shop\/producto\/ignition-controller-mic5\/","title":{"rendered":"ignition controller MIC5"},"content":{"rendered":"","protected":false},"excerpt":{"rendered":"<p>MIC5-Z\u00fcndsteuerger\u00e4t mit insgesamt 20 Ausg\u00e4ngen, die auf zwei Ausgangsstecker (14- und 17-polig) aufgeteilt sind<\/p>\n","protected":false},"featured_media":34322,"comment_status":"closed","ping_status":"closed","template":"","meta":{"_acf_changed":false},"product_brand":[],"product_cat":[568,569,567,570],"product_tag":[],"class_list":{"0":"post-33416","1":"product","2":"type-product","3":"status-publish","4":"has-post-thumbnail","6":"product_cat-spark-plugs-ignition-systems-es","7":"product_cat-jenbacher-es","8":"product_cat-property4-es","9":"product_cat-all-products-es","11":"first","12":"instock","13":"taxable","14":"shipping-taxable","15":"purchasable","16":"product-type-simple"},"acf":[],"_links":{"self":[{"href":"https:\/\/www.powerup.at\/es\/wp-json\/wp\/v2\/product\/33416","targetHints":{"allow":["GET"]}}],"collection":[{"href":"https:\/\/www.powerup.at\/es\/wp-json\/wp\/v2\/product"}],"about":[{"href":"https:\/\/www.powerup.at\/es\/wp-json\/wp\/v2\/types\/product"}],"replies":[{"embeddable":true,"href":"https:\/\/www.powerup.at\/es\/wp-json\/wp\/v2\/comments?post=33416"}],"wp:featuredmedia":[{"embeddable":true,"href":"https:\/\/www.powerup.at\/es\/wp-json\/wp\/v2\/media\/34322"}],"wp:attachment":[{"href":"https:\/\/www.powerup.at\/es\/wp-json\/wp\/v2\/media?parent=33416"}],"wp:term":[{"taxonomy":"product_brand","embeddable":true,"href":"https:\/\/www.powerup.at\/es\/wp-json\/wp\/v2\/product_brand?post=33416"},{"taxonomy":"product_cat","embeddable":true,"href":"https:\/\/www.powerup.at\/es\/wp-json\/wp\/v2\/product_cat?post=33416"},{"taxonomy":"product_tag","embeddable":true,"href":"https:\/\/www.powerup.at\/es\/wp-json\/wp\/v2\/product_tag?post=33416"}],"curies":[{"name":"wp","href":"https:\/\/api.w.org\/{rel}","templated":true}]}}